{"id":727,"date":"2021-03-25T20:24:04","date_gmt":"2021-03-25T23:24:04","guid":{"rendered":"https:\/\/institutoaua.org.br\/campanha-safra-do-cambuci-2021\/?page_id=727"},"modified":"2021-05-26T17:57:34","modified_gmt":"2021-05-26T20:57:34","slug":"a-campanha-safra-do-cambuci-2021","status":"publish","type":"page","link":"https:\/\/institutoaua.org.br\/campanha-safra-do-cambuci-2021\/a-campanha-safra-do-cambuci-2021\/","title":{"rendered":"A Campanha Safra do Cambuci 2021"},"content":{"rendered":"<p>[et_pb_section fb_built=&#8221;1&#8243; admin_label=&#8221;Conteudo&#8221; _builder_version=&#8221;4.9.2&#8243; _module_preset=&#8221;default&#8221; background_color=&#8221;gcid-02a935b2-594c-458f-9fb5-426da1a48a3e&#8221; background_image=&#8221;https:\/\/institutoaua.org.br\/campanha-safra-do-cambuci-2021\/wp-content\/uploads\/2021\/03\/grafismo-bg.png&#8221; background_size=&#8221;initial&#8221; background_position=&#8221;bottom_left&#8221; custom_padding=&#8221;0px||100px||false|false&#8221; custom_padding_tablet=&#8221;0px||220px||false|false&#8221; custom_padding_phone=&#8221;0px||120px||false|false&#8221; background_last_edited=&#8221;on|desktop&#8221; background_position_tablet=&#8221;bottom_center&#8221; custom_css_main_element=&#8221;background-size:27%!important;&#8221; global_colors_info=&#8221;{%22gcid-02a935b2-594c-458f-9fb5-426da1a48a3e%22:%91%22background_color%22%93}&#8221;][et_pb_row column_structure=&#8221;1_4,3_4&#8243; use_custom_gutter=&#8221;on&#8221; gutter_width=&#8221;2&#8243; _builder_version=&#8221;4.9.2&#8243; _module_preset=&#8221;cf9dec55-6c20-4bb6-a020-e8c152cdf5dd&#8221;][et_pb_column type=&#8221;1_4&#8243; admin_label=&#8221;Coluna&#8221; disabled_on=&#8221;on|on|off&#8221; _builder_version=&#8221;4.9.2&#8243; _module_preset=&#8221;default&#8221;][et_pb_sidebar area=&#8221;et_pb_widget_area_3&#8243; disabled_on=&#8221;off|off|off&#8221; _builder_version=&#8221;4.9.2&#8243; _module_preset=&#8221;default&#8221; sticky_limit_top=&#8221;row&#8221; sticky_limit_bottom=&#8221;row&#8221;][\/et_pb_sidebar][\/et_pb_column][et_pb_column type=&#8221;3_4&#8243; admin_label=&#8221;Coluna&#8221; _builder_version=&#8221;4.9.2&#8243; _module_preset=&#8221;default&#8221;][et_pb_text _builder_version=&#8221;4.9.2&#8243; _module_preset=&#8221;default&#8221;]<\/p>\n<h2 style=\"text-align: center;\">A Campanha Safra do Cambuci<\/h2>\n<p>[\/et_pb_text][et_pb_text admin_label=&#8221;Texto&#8221; _builder_version=&#8221;4.9.3&#8243; _module_preset=&#8221;default&#8221; text_text_color=&#8221;#545454&#8243; text_font_size=&#8221;20px&#8221; text_line_height=&#8221;1.3em&#8221; custom_margin=&#8221;||40px||false|false&#8221; custom_margin_tablet=&#8221;||30px||false|false&#8221; custom_margin_phone=&#8221;||20px||false|false&#8221; custom_margin_last_edited=&#8221;on|phone&#8221; hover_enabled=&#8221;0&#8243; text_font_size_tablet=&#8221;18px&#8221; text_font_size_phone=&#8221;16px&#8221; text_font_size_last_edited=&#8221;on|phone&#8221; sticky_enabled=&#8221;0&#8243;]<div id=\"attachment_844\" style=\"width: 970px\" class=\"wp-caption aligncenter\"><img loading=\"lazy\" decoding=\"async\" aria-describedby=\"caption-attachment-844\" class=\"wp-image-844 size-full\" style=\"font-weight: bold; color: #666666; font-size: 14px;\" src=\"https:\/\/institutoaua.org.br\/campanha-safra-do-cambuci-2021\/wp-content\/uploads\/2021\/03\/DSC06053-reduz.jpg\" alt=\"\" width=\"960\" height=\"638\" srcset=\"https:\/\/institutoaua.org.br\/campanha-safra-do-cambuci-2021\/wp-content\/uploads\/2021\/03\/DSC06053-reduz.jpg 960w, https:\/\/institutoaua.org.br\/campanha-safra-do-cambuci-2021\/wp-content\/uploads\/2021\/03\/DSC06053-reduz-480x319.jpg 480w\" sizes=\"auto, (min-width: 0px) and (max-width: 480px) 480px, (min-width: 481px) 960px, 100vw\" \/><p id=\"caption-attachment-844\" class=\"wp-caption-text\"><strong>Com apoio e fomento do Instituto AU\u00c1, que h\u00e1 13 anos trabalha para a recupera\u00e7\u00e3o da Mata Atl\u00e2ntica, via melhoria na produtividade do fruto Cambuci, a safra prevista para este ano ser\u00e1 recorde<\/strong><\/p><\/div><\/p>\n<p><span style=\"font-weight: 400;\">Cerca de 200 produtores de Cambuci e outras esp\u00e9cies nativas da Mata Atl\u00e2ntica est\u00e3o conectados ao Instituto AU\u00c1. S\u00e3o Produtores de v\u00e1rias cidades do Estado de S\u00e3o Paulo, que integram o Bioma Mata Atl\u00e2ntica, como: Iporanga, Apia\u00ed; S\u00e3o Miguel Arcanjo e Piedade; Juquitiba e S\u00e3o Louren\u00e7o da Serra; Embu-Gua\u00e7u; Parelheiros (SP); Sales\u00f3polis, Paraibuna; Natividade da Serra; S\u00e3o Luiz do Paraitinga; Lagoinha e Pindamonhagaba.<\/span><\/p>\n<p><span style=\"font-weight: 400;\">Juntos, esses produtores t\u00eam capacidade produtiva de aproximadamente 200 toneladas de Cambuci, al\u00e9m de outros frutos. <\/span><b>A venda de 100 toneladas de Cambuci, representa a distribui\u00e7\u00e3o de no m\u00ednimo R$ 500.000,00 entre produtores e beneficiadores do fruto<\/b><span style=\"font-weight: 400;\">.<\/span><\/p>\n<p><span style=\"font-weight: 400;\">O fruto congelado de Cambuci \u00e9 vendido pelos produtores para os beneficiadores de R$ 2,00 a R$ 3,00\/kg. Os beneficiadores recebem no m\u00ednimo R$ 5,00\/kg no Cambuci Tipo B, pacote com 4kg (com algum dano f\u00edsico, por\u00e9m em perfeita condi\u00e7\u00e3o e qualidade para consumo) e R$ 6,00\/kg no Tipo A, podendo receber at\u00e9 R$ 18,00\/kg, dependendo para quem vendem<\/span><i><span style=\"font-weight: 400;\">.<\/span><\/i><\/p>\n<p><span style=\"font-weight: 400;\">Gabriel Menezes destaca: \u201cdiferentemente do trabalho feito na Amaz\u00f4nia e Cerrado, basicamente extrativista, o nosso trabalho \u00e9 agr\u00edcola, tem o objetivo de trazer a Mata Atl\u00e2ntica de volta de onde foi tirada, com a implanta\u00e7\u00e3o de Sistemas Agroflorestais com nativas (Pomares Mata Atl\u00e2ntica) em \u00e1reas de pasto, ou monocultura de ex\u00f3ticas, como eucalipto, cana de a\u00e7\u00facar, laranja, entre outras culturas. Para se integrar no Arranjo Produtivo, ou na Rede de Ecomercado Mata Atl\u00e2ntica, o produtor precisa assumir compromisso com a produ\u00e7\u00e3o agroecol\u00f3gica (sem uso de agrot\u00f3xicos, biodiversa e de p\u00e9s plantados). Alguns j\u00e1 t\u00eam certifica\u00e7\u00e3o de org\u00e2nico, mas a maioria est\u00e1 aguardando a demanda se concretizar melhor, para ent\u00e3o poder pagar um certificador\u201d.<\/span><\/p>\n<p><span style=\"font-weight: 400;\">A produ\u00e7\u00e3o de Cambuci no bioma Mata Atl\u00e2ntica vem crescendo significativamente nos \u00faltimos anos, principalmente em fun\u00e7\u00e3o da capacita\u00e7\u00e3o dos agricultores e assist\u00eancia t\u00e9cnica. A safra de 2021 representa um crescimento de 20%<\/span><b>, <\/b><span style=\"font-weight: 400;\">em rela\u00e7\u00e3o a 2020.<\/span><\/p>\n<p><span style=\"font-weight: 400;\">A colheita do Cambuci, safra de 2021, come\u00e7a em mar\u00e7o e termina em maio.\u00a0\u00a0Em alguns lugares inicia em fevereiro, ou termina em junho. H\u00e1 ainda localidades onde ocorre uma segunda safra em setembro.<\/span><\/p>\n<div id=\"attachment_845\" style=\"width: 942px\" class=\"wp-caption alignnone\"><img loading=\"lazy\" decoding=\"async\" aria-describedby=\"caption-attachment-845\" class=\"wp-image-845 size-full\" src=\"https:\/\/institutoaua.org.br\/campanha-safra-do-cambuci-2021\/wp-content\/uploads\/2021\/03\/Tiago-Queiroz_Estada\u0303o_Mate\u0301ria-Cambuci-2.jpg\" alt=\"\" width=\"932\" height=\"621\" srcset=\"https:\/\/institutoaua.org.br\/campanha-safra-do-cambuci-2021\/wp-content\/uploads\/2021\/03\/Tiago-Queiroz_Estada\u0303o_Mate\u0301ria-Cambuci-2.jpg 932w, https:\/\/institutoaua.org.br\/campanha-safra-do-cambuci-2021\/wp-content\/uploads\/2021\/03\/Tiago-Queiroz_Estada\u0303o_Mate\u0301ria-Cambuci-2-300x200.jpg 300w, https:\/\/institutoaua.org.br\/campanha-safra-do-cambuci-2021\/wp-content\/uploads\/2021\/03\/Tiago-Queiroz_Estada\u0303o_Mate\u0301ria-Cambuci-2-768x512.jpg 768w, https:\/\/institutoaua.org.br\/campanha-safra-do-cambuci-2021\/wp-content\/uploads\/2021\/03\/Tiago-Queiroz_Estada\u0303o_Mate\u0301ria-Cambuci-2-480x320.jpg 480w\" sizes=\"auto, (max-width: 932px) 100vw, 932px\" \/><p id=\"caption-attachment-845\" class=\"wp-caption-text\">FOTO: TIAGO QUEIROZ\/ESTAD\u00c3O<\/p><\/div>\n<p>&nbsp;<\/p>\n<h3><b>A\u00e7\u00f5es para promo\u00e7\u00e3o e comercializa\u00e7\u00e3o da safra recorde<\/b><\/h3>\n<p><span style=\"font-weight: 400;\">O Instituto AU\u00c1 vai promover o <\/span><a href=\"https:\/\/institutoaua.org.br\/campanha-safra-do-cambuci-2021\/festival-gastronomico-do-cambuci\/\"><b>Festival Gastron\u00f4mico do Cambuci na Nutri\u00e7\u00e3o Hospitalar, de 22 a 30 de maio de 2021<\/b><\/a><span style=\"font-weight: 400;\">, em parceria com o Grupo NutriL\u00edder, <b>voltado exclusivamente para p\u00fablico interno dos hospitais<\/b> e conta com a participa\u00e7\u00e3o dos servi\u00e7os de nutri\u00e7\u00e3o de cinco importantes hospitais de S\u00e3o Paulo. O evento tem ainda a participa\u00e7\u00e3o especial da Chef Bel Coelho, madrinha do Festival que tamb\u00e9m participa com seu restaurante o Cuia Caf\u00e9 e Restaurante,\u00a0<b>aberto ao p\u00fablico em geral.<\/b>\u00a0<\/span><\/p>\n<p><span style=\"font-weight: 400;\">Al\u00e9m disso, o festival Gastron\u00f4mico do Cambuci tem como objetivo informar a popula\u00e7\u00e3o em geral sobre o Ecomercado da Mata Atl\u00e2ntica, incentivar o consumo consciente, promover o engajamento dos atuais e de novos integrantes da Rede de Ecomercado da Mata Atl\u00e2ntica, ampliar a comercializa\u00e7\u00e3o de produtos de Cambuci e de outras frutas nativas da Mata Atl\u00e2ntica, para que os profissionais da gastronomia criem receitas com o Cambuci, da cacha\u00e7a com Cambuci, ao sorvete, vinagrete, entre outras prepara\u00e7\u00f5es doces e salgadas.<\/span><\/p>\n<p><span style=\"font-weight: 400;\">Al\u00e9m do festival Gastron\u00f4mico do Cambuci, o Instituto AU\u00c1 realizar\u00e1 uma s\u00e9rie de lives com produtores, empres\u00e1rios do setor e influenciadores.<\/span><\/p>\n<p><b>Dia 27 de mar\u00e7o, s\u00e1bado, das 16h \u00e0s 18h<br \/><\/b><a href=\"https:\/\/institutoaua.org.br\/campanha-safra-do-cambuci-2021\/live-aps-arranjo-produtivo-sustentavel-do-cambuci\/\"><span style=\"font-weight: 400;\">live sobre o Arranjo Produtivo Sustent\u00e1vel do Cambuci.<\/span><\/a><\/p>\n<p><b>Dia 10 de abril , s\u00e1bado, das 16h \u00e0s 18h<br \/><\/b><a href=\"https:\/\/institutoaua.org.br\/campanha-safra-do-cambuci-2021\/live-rede-de-ecomercado-mata-atlantica\/\"><span style=\"font-weight: 400;\">live sobre a Rede de Ecomercado Mata Atl\u00e2ntica.<\/span><\/a><\/p>\n<p><b>Dia 24 de abril de 2021, s\u00e1bado, das 16h \u00e0s 18h<br \/><\/b><span style=\"font-weight: 400;\"><a href=\"https:\/\/institutoaua.org.br\/campanha-safra-do-cambuci-2021\/live-produtores-artesanais-rota-gastronomica-do-cambuci\/\">live com 12 produtores artesanais de diferentes munic\u00edpios que integram a Rota do Cambuci e Comunidade Slow Food<\/a>.<\/span><\/p>\n<p><b>Dia 28 de maio de 2021, sexta, \u00e0s 18h<br \/><\/b><a href=\"https:\/\/institutoaua.org.br\/campanha-safra-do-cambuci-2021\/live-do-1o-festival-gastronomico-do-cambuci-na-nutricao-hospitalar\/\" target=\"_blank\" rel=\"noopener\">live com os nutricionistas dos hospitais participantes do Festival Gastron\u00f4mico e participa\u00e7\u00e3o da madrinha do evento, Bel Coelho<\/a>.<\/p>\n<h4><img loading=\"lazy\" decoding=\"async\" class=\"aligncenter wp-image-19 size-full\" src=\"https:\/\/institutoaua.org.br\/campanha-safra-do-cambuci-2021\/wp-content\/uploads\/2021\/03\/header.png\" alt=\"\" width=\"1526\" height=\"792\" srcset=\"https:\/\/institutoaua.org.br\/campanha-safra-do-cambuci-2021\/wp-content\/uploads\/2021\/03\/header.png 1526w, https:\/\/institutoaua.org.br\/campanha-safra-do-cambuci-2021\/wp-content\/uploads\/2021\/03\/header-1280x664.png 1280w, https:\/\/institutoaua.org.br\/campanha-safra-do-cambuci-2021\/wp-content\/uploads\/2021\/03\/header-980x509.png 980w, https:\/\/institutoaua.org.br\/campanha-safra-do-cambuci-2021\/wp-content\/uploads\/2021\/03\/header-480x249.png 480w\" sizes=\"auto, (min-width: 0px) and (max-width: 480px) 480px, (min-width: 481px) and (max-width: 980px) 980px, (min-width: 981px) and (max-width: 1280px) 1280px, (min-width: 1281px) 1526px, 100vw\" \/><\/h4>\n<p>&nbsp;<\/p>\n<h3><b>Instituto AU\u00c1 no fortalecimento de produtores, beneficiadores e com\u00e9rcio do Cambuci<\/b><\/h3>\n<p><span style=\"font-weight: 400;\">Desde 2014 o Instituto AU\u00c1 trabalha na Rota do Cambuci a forma\u00e7\u00e3o do Arranjo Produtivo Sustent\u00e1vel \u2013 APS &#8211; do Cambuci e Esp\u00e9cies Nativas da Mata Atl\u00e2ntica, com produtores (quem possui p\u00e9s plantados) e beneficiadores (quem tem o trabalho com as nativas como neg\u00f3cio e est\u00e1 investindo em infraestrutura para beneficiamento, tem produ\u00e7\u00e3o pr\u00f3pria ou compra dos produtores e comercializa no mercado junto ao Instituto AU\u00c1), que se associam ao Instituto e recebem apoio com capta\u00e7\u00e3o de recursos, capacita\u00e7\u00e3o e comercializa\u00e7\u00e3o. Atualmente, este APS envolve mais de 10 beneficiadores e 50 produtores e \u00e9 reconhecido pelo Programa de Arranjos Produtivos Locais da Secretaria Estadual de Desenvolvimento Econ\u00f4mico de S\u00e3o Paulo.<\/span><\/p>\n<p>&nbsp;<\/p>\n<h3><b>Ag\u00eancia Ecomercado<\/b><\/h3>\n<p><span style=\"font-weight: 400;\">\u00c9 um dos Empreendimentos Socioambientais do Instituto AU\u00c1 e tem como objetivo a promo\u00e7\u00e3o da Economia Solid\u00e1ria, integrando o desenvolvimento de arranjos econ\u00f4micos com o desenvolvimento social e a conserva\u00e7\u00e3o ambiental. A ideia deste modelo de empreendimento como Ag\u00eancia vem da experi\u00eancia de trabalho do AU\u00c1 com a Economia Solid\u00e1ria, desde 2004, com incuba\u00e7\u00e3o de empreendimentos populares, onde ficou claro, conforme Gabriel, \u201cque al\u00e9m de \u201cdar o peixe\u201d (quando necess\u00e1rio), ou \u201censinar a pescar\u201d, \u00e9 preciso \u201cpescar junto\u201d.\u00a0<\/span><\/p>\n<p><span style=\"font-weight: 400;\">Em 2014, a Ag\u00eancia passou a implementar Unidades de Neg\u00f3cio do Instituto AU\u00c1, voltadas para a Conserva\u00e7\u00e3o da Mata Atl\u00e2ntica e gera\u00e7\u00e3o de renda para pequenos produtores, por meio da implanta\u00e7\u00e3o de Sistemas Agroflorestais com esp\u00e9cies nativas e abertura de mercado. Foi constitu\u00eddo ent\u00e3o o Emp\u00f3rio Mata Atl\u00e2ntica, uma marca comercial para identidade de produtos e PDVs, atualmente com uma linha de congelados (frutos, polpas, picol\u00e9s e cremes) e 65 freezers adesivados; em 2016 a loja da Mata Atl\u00e2ntica e Amaz\u00f4nia no Mercado de Pinheiros, junto ao Instituto AT\u00c1 e Instituto Socioambiental (ISA), e o Sabor Nativo, servi\u00e7o de Buffet e Banqueteria com esp\u00e9cies nativas brasileiras; em 2017 o Armaz\u00e9m Biomas, um galp\u00e3o de 500m2 em Osasco, com 2 c\u00e2maras frias para 30 ton cada, para apoio log\u00edstico e comercial aos produtos do AU\u00c1 e demais parceiros.\u00a0<\/span><\/p>\n<p><img loading=\"lazy\" decoding=\"async\" class=\"aligncenter wp-image-846 size-full\" src=\"https:\/\/institutoaua.org.br\/campanha-safra-do-cambuci-2021\/wp-content\/uploads\/2021\/03\/Freezer-com-testeira-reduz.jpg\" alt=\"\" width=\"960\" height=\"840\" srcset=\"https:\/\/institutoaua.org.br\/campanha-safra-do-cambuci-2021\/wp-content\/uploads\/2021\/03\/Freezer-com-testeira-reduz.jpg 960w, https:\/\/institutoaua.org.br\/campanha-safra-do-cambuci-2021\/wp-content\/uploads\/2021\/03\/Freezer-com-testeira-reduz-480x420.jpg 480w\" sizes=\"auto, (min-width: 0px) and (max-width: 480px) 480px, (min-width: 481px) 960px, 100vw\" \/><\/p>\n<p><span style=\"font-weight: 400;\">Em 2019 o AU\u00c1 assumiu uma loja na Vila de Paranapiacaba, em Santo Andr\u00e9 e iniciou a implementa\u00e7\u00e3o do Pomares Mata Atl\u00e2ntica, uma metodologia de Sistemas Agroflorestais com esp\u00e9cies nativas para maiores resultados de biodiversidade e renda.<\/span><\/p>\n<p><span style=\"font-weight: 400;\">A Ag\u00eancia de Ecomercado tamb\u00e9m trabalha com Projetos, captando recursos em editais p\u00fablicos e iniciativa privada. Desde 2014, captou mais de R$1,5 milh\u00f5es com tr\u00eas projetos de mobiliza\u00e7\u00e3o e capacita\u00e7\u00e3o de agricultores, sendo em torno de R$ 800 mil destinados diretamente em equipamentos e infraestrutura produtiva. Al\u00e9m disso, j\u00e1 investiu mais de R$ 1 milh\u00e3o em compra direta de Cambuci, Uvaia, Ju\u00e7ara e outros produtos nativos e agroecol\u00f3gicos<\/span><\/p>\n<p><span style=\"font-weight: 400;\">Atualmente, o AU\u00c1 est\u00e1 finalizando o &#8220;Projeto 17.223 &#8211; Rede de Produtores de Cambuci e Nativas da Mata Atl\u00e2ntica&#8221;, financiado pelo edital Ecoforte da Funda\u00e7\u00e3o Banco do Brasil, para forma\u00e7\u00e3o da Rede de Ecomercado Mata Atl\u00e2ntica, envolvendo 9 grupos de produtores, das cidades de Iporanga, Apia\u00ed, S\u00e3o Miguel Arcanjo, Piedade, Juquitiba, S\u00e3o Louren\u00e7o da Serra, Embu-Gua\u00e7u, Parelheiros, na cidade de S\u00e3o Paulo, Sales\u00f3polis, Paraibuna, Natividade da Serra, S\u00e3o Luiz do Paraitinga, Lagoinha e Pindamonhangaba.<\/span><\/p>\n<p>.<\/p>\n<p>&nbsp;<\/p>\n<p style=\"text-align: right;\"><span style=\"font-weight: 400;\"><b><img loading=\"lazy\" decoding=\"async\" class=\"alignright wp-image-711\" src=\"https:\/\/institutoaua.org.br\/campanha-safra-do-cambuci-2021\/wp-content\/uploads\/2021\/03\/JM-Comunicac\u0327a\u0303o-278x300.jpg\" alt=\"\" width=\"102\" height=\"110\" srcset=\"https:\/\/institutoaua.org.br\/campanha-safra-do-cambuci-2021\/wp-content\/uploads\/2021\/03\/JM-Comunicac\u0327a\u0303o-278x300.jpg 278w, https:\/\/institutoaua.org.br\/campanha-safra-do-cambuci-2021\/wp-content\/uploads\/2021\/03\/JM-Comunicac\u0327a\u0303o-480x517.jpg 480w, https:\/\/institutoaua.org.br\/campanha-safra-do-cambuci-2021\/wp-content\/uploads\/2021\/03\/JM-Comunicac\u0327a\u0303o.jpg 503w\" sizes=\"auto, (max-width: 102px) 100vw, 102px\" \/>JM-Assessoria de Imprensa &amp; Comunica\u00e7\u00e3o<\/b><br \/>Jos\u00e9 Maria Filho: Jornalista MTb 19.852<br \/><\/span><a href=\"mailto:josemariajornalista27@gmail.com\"><span style=\"font-weight: 400;\">josemariajornalista27@gmail.com<\/span><\/a><br \/><span style=\"font-weight: 400;\">Cel. e WhatSapp (11) 99804.1112<\/span><\/p>\n<p>&nbsp;<\/p>\n<p>[\/et_pb_text][\/et_pb_column][\/et_pb_row][\/et_pb_section]<\/p>\n","protected":false},"excerpt":{"rendered":"<p>[et_pb_section fb_built=&#8221;1&#8243; admin_label=&#8221;Conteudo&#8221; _builder_version=&#8221;4.9.2&#8243; _module_preset=&#8221;default&#8221; background_color=&#8221;gcid-02a935b2-594c-458f-9fb5-426da1a48a3e&#8221; background_image=&#8221;https:\/\/institutoaua.org.br\/campanha-safra-do-cambuci-2021\/wp-content\/uploads\/2021\/03\/grafismo-bg.png&#8221; background_size=&#8221;initial&#8221; background_position=&#8221;bottom_left&#8221; custom_padding=&#8221;0px||100px||false|false&#8221; custom_padding_tablet=&#8221;0px||220px||false|false&#8221; custom_padding_phone=&#8221;0px||120px||false|false&#8221; background_last_edited=&#8221;on|desktop&#8221; background_position_tablet=&#8221;bottom_center&#8221; custom_css_main_element=&#8221;background-size:27%!important;&#8221; global_colors_info=&#8221;{%22gcid-02a935b2-594c-458f-9fb5-426da1a48a3e%22:%91%22background_color%22%93}&#8221;][et_pb_row column_structure=&#8221;1_4,3_4&#8243; use_custom_gutter=&#8221;on&#8221; gutter_width=&#8221;2&#8243; _builder_version=&#8221;4.9.2&#8243; _module_preset=&#8221;cf9dec55-6c20-4bb6-a020-e8c152cdf5dd&#8221;][et_pb_column type=&#8221;1_4&#8243; admin_label=&#8221;Coluna&#8221; disabled_on=&#8221;on|on|off&#8221; _builder_version=&#8221;4.9.2&#8243; _module_preset=&#8221;default&#8221;][et_pb_sidebar area=&#8221;et_pb_widget_area_3&#8243; disabled_on=&#8221;off|off|off&#8221; _builder_version=&#8221;4.9.2&#8243; _module_preset=&#8221;default&#8221; sticky_limit_top=&#8221;row&#8221; sticky_limit_bottom=&#8221;row&#8221;][\/et_pb_sidebar][\/et_pb_column][et_pb_column type=&#8221;3_4&#8243; admin_label=&#8221;Coluna&#8221; _builder_version=&#8221;4.9.2&#8243; _module_preset=&#8221;default&#8221;][et_pb_text _builder_version=&#8221;4.9.2&#8243; _module_preset=&#8221;default&#8221;] A Campanha Safra do Cambuci [\/et_pb_text][et_pb_text admin_label=&#8221;Texto&#8221; _builder_version=&#8221;4.9.3&#8243; _module_preset=&#8221;default&#8221; text_text_color=&#8221;#545454&#8243; text_font_size=&#8221;20px&#8221; text_line_height=&#8221;1.3em&#8221; custom_margin=&#8221;||40px||false|false&#8221; custom_margin_tablet=&#8221;||30px||false|false&#8221; custom_margin_phone=&#8221;||20px||false|false&#8221; custom_margin_last_edited=&#8221;on|phone&#8221; hover_enabled=&#8221;0&#8243; [&hellip;]<\/p>\n","protected":false},"author":1,"featured_media":0,"parent":0,"menu_order":50,"comment_status":"closed","ping_status":"closed","template":"","meta":{"_acf_changed":false,"_et_pb_use_builder":"on","_et_pb_old_content":"","_et_gb_content_width":"","footnotes":""},"class_list":["post-727","page","type-page","status-publish","hentry"],"acf":[],"_links":{"self":[{"href":"https:\/\/institutoaua.org.br\/campanha-safra-do-cambuci-2021\/wp-json\/wp\/v2\/pages\/727","targetHints":{"allow":["GET"]}}],"collection":[{"href":"https:\/\/institutoaua.org.br\/campanha-safra-do-cambuci-2021\/wp-json\/wp\/v2\/pages"}],"about":[{"href":"https:\/\/institutoaua.org.br\/campanha-safra-do-cambuci-2021\/wp-json\/wp\/v2\/types\/page"}],"author":[{"embeddable":true,"href":"https:\/\/institutoaua.org.br\/campanha-safra-do-cambuci-2021\/wp-json\/wp\/v2\/users\/1"}],"replies":[{"embeddable":true,"href":"https:\/\/institutoaua.org.br\/campanha-safra-do-cambuci-2021\/wp-json\/wp\/v2\/comments?post=727"}],"version-history":[{"count":20,"href":"https:\/\/institutoaua.org.br\/campanha-safra-do-cambuci-2021\/wp-json\/wp\/v2\/pages\/727\/revisions"}],"predecessor-version":[{"id":1670,"href":"https:\/\/institutoaua.org.br\/campanha-safra-do-cambuci-2021\/wp-json\/wp\/v2\/pages\/727\/revisions\/1670"}],"wp:attachment":[{"href":"https:\/\/institutoaua.org.br\/campanha-safra-do-cambuci-2021\/wp-json\/wp\/v2\/media?parent=727"}],"curies":[{"name":"wp","href":"https:\/\/api.w.org\/{rel}","templated":true}]}}