{"id":303,"date":"2021-03-19T16:42:59","date_gmt":"2021-03-19T19:42:59","guid":{"rendered":"https:\/\/institutoaua.org.br\/campanha-safra-do-cambuci-2021\/?page_id=303"},"modified":"2021-05-26T18:01:32","modified_gmt":"2021-05-26T21:01:32","slug":"festival-gastronomico-do-cambuci","status":"publish","type":"page","link":"https:\/\/institutoaua.org.br\/campanha-safra-do-cambuci-2021\/festival-gastronomico-do-cambuci\/","title":{"rendered":"Festival Gastron\u00f4mico do Cambuci"},"content":{"rendered":"<p>[et_pb_section fb_built=&#8221;1&#8243; admin_label=&#8221;Conteudo&#8221; _builder_version=&#8221;4.9.2&#8243; _module_preset=&#8221;default&#8221; background_color=&#8221;gcid-02a935b2-594c-458f-9fb5-426da1a48a3e&#8221; background_image=&#8221;https:\/\/institutoaua.org.br\/campanha-safra-do-cambuci-2021\/wp-content\/uploads\/2021\/03\/grafismo-bg.png&#8221; background_size=&#8221;initial&#8221; background_position=&#8221;bottom_left&#8221; custom_padding=&#8221;0px||100px||false|false&#8221; custom_padding_tablet=&#8221;0px||205px||false|false&#8221; custom_padding_phone=&#8221;0px||120px||false|false&#8221; background_last_edited=&#8221;on|desktop&#8221; background_position_tablet=&#8221;bottom_center&#8221; custom_css_main_element=&#8221;background-size:27%!important;&#8221; global_colors_info=&#8221;{%22gcid-02a935b2-594c-458f-9fb5-426da1a48a3e%22:%91%22background_color%22%93}&#8221;][et_pb_row column_structure=&#8221;1_4,3_4&#8243; use_custom_gutter=&#8221;on&#8221; gutter_width=&#8221;2&#8243; _builder_version=&#8221;4.9.2&#8243; _module_preset=&#8221;cf9dec55-6c20-4bb6-a020-e8c152cdf5dd&#8221;][et_pb_column type=&#8221;1_4&#8243; admin_label=&#8221;Coluna&#8221; disabled_on=&#8221;on|on|off&#8221; _builder_version=&#8221;4.9.2&#8243; _module_preset=&#8221;default&#8221;][et_pb_sidebar area=&#8221;et_pb_widget_area_3&#8243; disabled_on=&#8221;off|off|off&#8221; _builder_version=&#8221;4.9.2&#8243; _module_preset=&#8221;default&#8221; sticky_limit_top=&#8221;row&#8221; sticky_limit_bottom=&#8221;row&#8221;][\/et_pb_sidebar][\/et_pb_column][et_pb_column type=&#8221;3_4&#8243; admin_label=&#8221;Coluna&#8221; _builder_version=&#8221;4.9.2&#8243; _module_preset=&#8221;default&#8221;][et_pb_text _builder_version=&#8221;4.9.3&#8243; _module_preset=&#8221;default&#8221; header_2_font=&#8221;|800|||||||&#8221; header_2_text_align=&#8221;left&#8221; header_2_text_color=&#8221;gcid-4023f119-17fd-4050-8795-7a41bc3bdef4&#8243; header_2_font_size=&#8221;34px&#8221; custom_margin=&#8221;0px||40px||false|false&#8221; custom_margin_tablet=&#8221;||30px||false|false&#8221; custom_margin_phone=&#8221;||20px||false|false&#8221; custom_margin_last_edited=&#8221;on|phone&#8221; custom_padding=&#8221;0px||0px||false|false&#8221; header_2_font_size_tablet=&#8221;28px&#8221; header_2_font_size_phone=&#8221;24px&#8221; header_2_font_size_last_edited=&#8221;on|phone&#8221; global_colors_info=&#8221;{%22gcid-4023f119-17fd-4050-8795-7a41bc3bdef4%22:%91%22header_2_text_color%22%93}&#8221;]<\/p>\n<h2 style=\"text-align: center;\">O Festival Gastron\u00f4mico do Cambuci <br \/>na Nutri\u00e7\u00e3o Hospitalar<\/h2>\n<p>[\/et_pb_text][et_pb_text _builder_version=&#8221;4.9.3&#8243; _module_preset=&#8221;default&#8221; text_text_color=&#8221;#545454&#8243; text_font_size=&#8221;20px&#8221; text_line_height=&#8221;1.3em&#8221; custom_margin=&#8221;||60px||false|false&#8221; custom_margin_tablet=&#8221;||50px||false|false&#8221; custom_margin_phone=&#8221;||30px||false|false&#8221; custom_margin_last_edited=&#8221;on|phone&#8221; hover_enabled=&#8221;0&#8243; text_font_size_tablet=&#8221;18px&#8221; text_font_size_phone=&#8221;16px&#8221; text_font_size_last_edited=&#8221;on|phone&#8221; sticky_enabled=&#8221;0&#8243;]<\/p>\n<p><span style=\"font-weight: 400;\">Dia 27 de maio \u00e9 comemorado o Dia da Mata Atl\u00e2ntica, ambiente de diversos frutos nativos, entre eles, o Cambuci, muito rico em vitamina C.\u00a0<\/span><\/p>\n<p><span style=\"font-weight: 400;\">O Instituto AU\u00c1, em parceria com o Grupo NutriL\u00edder, presta suas homenagens e organiza o <\/span><b>1\u00ba Festival do Cambuci na Nutri\u00e7\u00e3o Hospitalar.<\/b><span style=\"font-weight: 400;\">\u00a0<\/span><\/p>\n<p><span style=\"font-weight: 400;\">O festival que come\u00e7a dia 22 e vai at\u00e9 31 de maio, <\/span><b>\u00e9 voltado exclusivamente para p\u00fablico interno dos hospitais<\/b><span style=\"font-weight: 400;\"> e conta com a participa\u00e7\u00e3o dos servi\u00e7os de nutri\u00e7\u00e3o de cinco importantes hospitais de S\u00e3o Paulo, s\u00e3o eles:\u00a0<\/span><\/p>\n<p><span style=\"font-weight: 400;\">Instituto Central do Hospital das Cl\u00ednicas da FMUSP, Instituto da Crian\u00e7a<\/span><span style=\"font-weight: 400;\"> do Hospital das Cl\u00ednicas da FMUSP<\/span><span style=\"font-weight: 400;\">, Hospital Cruz Azul de SP, Hospital Unimed Sorocaba e Hospital Santa Maggiore, unidade Dubai da Prevent S\u00eanior, que criaram receitas gastron\u00f4micas espec\u00edficas para festival.<\/span><\/p>\n<p><span style=\"font-weight: 400;\">O evento tem ainda a participa\u00e7\u00e3o especial da Chef Bel Coelho, madrinha do Festival que tamb\u00e9m participa com seu restaurante o Cuia Caf\u00e9 e Restaurante, <\/span><b>aberto ao p\u00fablico em geral.<\/b><span style=\"font-weight: 400;\">\u00a0<\/span><\/p>\n<p><img loading=\"lazy\" decoding=\"async\" class=\"aligncenter wp-image-1610 size-full\" src=\"https:\/\/institutoaua.org.br\/campanha-safra-do-cambuci-2021\/wp-content\/uploads\/2021\/05\/Festival-Nutric\u0327a\u0303o-Hospitalar.jpg\" alt=\"\" width=\"1203\" height=\"785\" srcset=\"https:\/\/institutoaua.org.br\/campanha-safra-do-cambuci-2021\/wp-content\/uploads\/2021\/05\/Festival-Nutric\u0327a\u0303o-Hospitalar.jpg 1203w, https:\/\/institutoaua.org.br\/campanha-safra-do-cambuci-2021\/wp-content\/uploads\/2021\/05\/Festival-Nutric\u0327a\u0303o-Hospitalar-300x196.jpg 300w, https:\/\/institutoaua.org.br\/campanha-safra-do-cambuci-2021\/wp-content\/uploads\/2021\/05\/Festival-Nutric\u0327a\u0303o-Hospitalar-1024x668.jpg 1024w, https:\/\/institutoaua.org.br\/campanha-safra-do-cambuci-2021\/wp-content\/uploads\/2021\/05\/Festival-Nutric\u0327a\u0303o-Hospitalar-768x501.jpg 768w, https:\/\/institutoaua.org.br\/campanha-safra-do-cambuci-2021\/wp-content\/uploads\/2021\/05\/Festival-Nutric\u0327a\u0303o-Hospitalar-1080x705.jpg 1080w, https:\/\/institutoaua.org.br\/campanha-safra-do-cambuci-2021\/wp-content\/uploads\/2021\/05\/Festival-Nutric\u0327a\u0303o-Hospitalar-980x639.jpg 980w, https:\/\/institutoaua.org.br\/campanha-safra-do-cambuci-2021\/wp-content\/uploads\/2021\/05\/Festival-Nutric\u0327a\u0303o-Hospitalar-480x313.jpg 480w\" sizes=\"auto, (max-width: 1203px) 100vw, 1203px\" \/><\/p>\n<h3><strong>RECEITAS EXCLUSIVAS<\/strong><\/h3>\n<p><span style=\"font-weight: 400;\">Servi\u00e7os de Nutri\u00e7\u00e3o de cinco hospitais de S\u00e3o Paulo criam receitas gastronomicas com Cambuci exclusivas para o <\/span><b>1o Festival do Cambuci na Nutri\u00e7\u00e3o Hospitalar, <\/b>que tem por objetivo fomentar o fruto Cambuci, nativo da Mata Atl\u00e2ntica e rico em vitamina C, na gastronomia hospitalar.<\/p>\n<p><strong>Instituto Central = Hospital das Cl\u00ednicas da FMUSP<br \/><\/strong><a href=\"https:\/\/institutoaua.org.br\/campanha-safra-do-cambuci-2021\/receita\/geleia-de-cambuci\/\" target=\"_blank\" rel=\"noopener\"><em>Geleia de cambuci<\/em><\/a><\/p>\n<p><strong>Instituto da Crian\u00e7a do Hospital das Cl\u00ednicas da FMUSP<br \/><\/strong><a href=\"https:\/\/institutoaua.org.br\/campanha-safra-do-cambuci-2021\/receita\/mousse-de-cambuci-com-raspas-de-chocolate\/\" target=\"_blank\" rel=\"noopener\"><em>Mousse de Cambuci com raspas de chocolate<\/em><\/a><\/p>\n<p style=\"text-align: left;\"><strong><span style=\"color: #666666;\">Hospital Cruz Azul-SP<br \/><\/span><\/strong><a href=\"https:\/\/institutoaua.org.br\/campanha-safra-do-cambuci-2021\/receita\/flan-tropical-cambumanga\/\" target=\"_blank\" rel=\"noopener\"><em>Flan Tropical Cambumanga<\/em><\/a><\/p>\n<p><strong>Hospital Unimed Sorocaba<br \/><\/strong><a href=\"https:\/\/institutoaua.org.br\/campanha-safra-do-cambuci-2021\/receita\/cheesecake-de-cambuci-com-calda-de-uvaia\/\" target=\"_blank\" rel=\"noopener\"><em>Cheese Cake de Cambuci<\/em><\/a><\/p>\n<p><strong>Hospital Santa Maggiore- Unidade Dubai- Prevent Senior<br \/><\/strong><a href=\"https:\/\/institutoaua.org.br\/campanha-safra-do-cambuci-2021\/receita\/mil-folhas-de-cambuci\/\" target=\"_blank\" rel=\"noopener\"><em>Mil folhas de Cambuci com redu\u00e7\u00e3o de acerola<\/em><\/a><\/p>\n<p style=\"text-align: left;\"><span style=\"color: #666666;\"><strong>Cuia Caf\u00e9 e Restaurante &#8211; Chef Bel Coelho\u00a0<\/strong><br \/><\/span><a href=\"https:\/\/institutoaua.org.br\/campanha-safra-do-cambuci-2021\/receita\/caipirinha-de-cambuci\/\" target=\"_blank\" rel=\"noopener\"><em>Caipirinha de Cambuci\u00a0<\/em><\/a><\/p>\n<p>&nbsp;<\/p>\n<h6 style=\"text-align: left;\"><i><b><\/b><img loading=\"lazy\" decoding=\"async\" class=\"aligncenter wp-image-1611 size-full\" src=\"https:\/\/institutoaua.org.br\/campanha-safra-do-cambuci-2021\/wp-content\/uploads\/2021\/05\/Caipirinha-Bel-Coelho.jpeg\" alt=\"\" width=\"1280\" height=\"960\" srcset=\"https:\/\/institutoaua.org.br\/campanha-safra-do-cambuci-2021\/wp-content\/uploads\/2021\/05\/Caipirinha-Bel-Coelho.jpeg 1280w, https:\/\/institutoaua.org.br\/campanha-safra-do-cambuci-2021\/wp-content\/uploads\/2021\/05\/Caipirinha-Bel-Coelho-980x735.jpeg 980w, https:\/\/institutoaua.org.br\/campanha-safra-do-cambuci-2021\/wp-content\/uploads\/2021\/05\/Caipirinha-Bel-Coelho-480x360.jpeg 480w\" sizes=\"auto, (min-width: 0px) and (max-width: 480px) 480px, (min-width: 481px) and (max-width: 980px) 980px, (min-width: 981px) 1280px, 100vw\" \/><\/i><\/h6>\n<p>&nbsp;<\/p>\n<p>&nbsp;<\/p>\n<p>[\/et_pb_text][et_pb_accordion _builder_version=&#8221;4.9.3&#8243; _module_preset=&#8221;default&#8221; custom_margin=&#8221;||60px||false|false&#8221; custom_margin_tablet=&#8221;||50px||false|false&#8221; custom_margin_phone=&#8221;||30px||false|false&#8221; custom_margin_last_edited=&#8221;on|phone&#8221;][et_pb_accordion_item title=&#8221;Quem pode participar do Festival?&#8221; open=&#8221;on&#8221; _builder_version=&#8221;4.9.3&#8243; _module_preset=&#8221;default&#8221;]<\/p>\n<ul>\n<li><span style=\"font-weight: 400;\">Instituto Central do Hospital das Cl\u00ednicas da FMUSP<\/span><\/li>\n<li><span style=\"font-weight: 400;\">Instituto da Crian\u00e7a<\/span><span style=\"font-weight: 400;\"> do Hospital das Cl\u00ednicas da FMUSP<\/span><\/li>\n<li><span style=\"font-weight: 400;\">Hospital Cruz Azul de SP<\/span><\/li>\n<li><span style=\"font-weight: 400;\">Hospital Unimed Sorocaba<\/span><\/li>\n<li><span style=\"font-weight: 400;\">Hospital Santa Maggiore &#8211; unidade Dubai da Prevent S\u00eanior<\/span><\/li>\n<li>Cuia &#8211; Caf\u00e9 e Restaurante, da chefe Bel Coelho<\/li>\n<\/ul>\n<p>[\/et_pb_accordion_item][et_pb_accordion_item title=&#8221;A Din\u00e2mica do Festival&#8221; _builder_version=&#8221;4.9.3&#8243; _module_preset=&#8221;default&#8221; open=&#8221;off&#8221;]<\/p>\n<p>O festival que come\u00e7a dia 22 e vai at\u00e9 31 de maio,\u00a0<b>\u00e9 voltado exclusivamente para p\u00fablico interno dos hospitais <\/b>e\u00a0ainda conta com a participa\u00e7\u00e3o especial da Chef Bel Coelho, madrinha do Festival que tamb\u00e9m participa com seu restaurante o Cuia Caf\u00e9 e Restaurante, <b>aberto ao p\u00fablico em geral.<\/b>\u00a0<\/p>\n<p>&nbsp;<\/p>\n<p>[\/et_pb_accordion_item][et_pb_accordion_item title=&#8221;Caipirinha para os maiores de 18 anos&#8221; _builder_version=&#8221;4.9.3&#8243; _module_preset=&#8221;default&#8221; open=&#8221;off&#8221;]<\/p>\n<p>O evento tem ainda a participa\u00e7\u00e3o especial da Chef Bel Coelho, madrinha do Festival que tamb\u00e9m participa com seu restaurante o Cuia Caf\u00e9 e Restaurante,\u00a0<b>aberto ao p\u00fablico em geral.<\/b><\/p>\n<p style=\"text-align: right;\">Avenida Ipiranga, 200, loja 48 (dentro da livraria\u00a0Megafauna no pr\u00e9dio Copan) \u2013 Rep\u00fablica- S\u00e3o Paulo<\/p>\n<p>[\/et_pb_accordion_item][\/et_pb_accordion][et_pb_text _builder_version=&#8221;4.9.3&#8243; _module_preset=&#8221;default&#8221; text_text_color=&#8221;#545454&#8243; text_font_size=&#8221;20px&#8221; text_line_height=&#8221;1.3em&#8221; custom_margin=&#8221;||60px||false|false&#8221; custom_margin_tablet=&#8221;||50px||false|false&#8221; custom_margin_phone=&#8221;||30px||false|false&#8221; custom_margin_last_edited=&#8221;on|phone&#8221; text_font_size_tablet=&#8221;18px&#8221; text_font_size_phone=&#8221;16px&#8221; text_font_size_last_edited=&#8221;on|phone&#8221;]<\/p>\n<table style=\"border-collapse: collapse; width: 100%; background: #fff;\" border=\"1\">\n<tbody>\n<tr>\n<td style=\"width: 100%;\">\n<p style=\"text-align: center;\"><b>\u00a0\u00a0 Servi\u00e7o<\/b><\/p>\n<p><b>Festival Gastron\u00f4mico do Cambuci na Nutri\u00e7\u00e3o Hospitalar<br \/><\/b><span style=\"font-weight: 400;\">Per\u00edodo do Festival: de 22 a 30 de maio de\u00a0 2021<br \/><\/span><span style=\"font-weight: 400;\">Live de Confraterniza\u00e7\u00e3o: 28 de maio &#8211; \u00e0s 19h, pelo <a href=\"https:\/\/www.youtube.com\/channel\/UCgIg6TiQAUrW34-hBgBWhXA\" target=\"_blank\" rel=\"noopener\">canal youtube, do Instituto AU\u00c1<\/a><\/span><span style=\"font-weight: 400;\"><br \/><\/span><span style=\"font-weight: 400;\">Promo\u00e7\u00e3o: Instituto AU\u00c1 e Grupo NutriL\u00edder<\/span><\/p>\n<p><img loading=\"lazy\" decoding=\"async\" class=\"aligncenter wp-image-1619 size-full\" src=\"https:\/\/institutoaua.org.br\/campanha-safra-do-cambuci-2021\/wp-content\/uploads\/2021\/05\/Festival-do-Cambuci-na-Nutric\u0327a\u0303o-Hospitalar-V3.jpg\" alt=\"\" width=\"1200\" height=\"400\" srcset=\"https:\/\/institutoaua.org.br\/campanha-safra-do-cambuci-2021\/wp-content\/uploads\/2021\/05\/Festival-do-Cambuci-na-Nutric\u0327a\u0303o-Hospitalar-V3.jpg 1200w, https:\/\/institutoaua.org.br\/campanha-safra-do-cambuci-2021\/wp-content\/uploads\/2021\/05\/Festival-do-Cambuci-na-Nutric\u0327a\u0303o-Hospitalar-V3-300x100.jpg 300w, https:\/\/institutoaua.org.br\/campanha-safra-do-cambuci-2021\/wp-content\/uploads\/2021\/05\/Festival-do-Cambuci-na-Nutric\u0327a\u0303o-Hospitalar-V3-1024x341.jpg 1024w, https:\/\/institutoaua.org.br\/campanha-safra-do-cambuci-2021\/wp-content\/uploads\/2021\/05\/Festival-do-Cambuci-na-Nutric\u0327a\u0303o-Hospitalar-V3-768x256.jpg 768w, https:\/\/institutoaua.org.br\/campanha-safra-do-cambuci-2021\/wp-content\/uploads\/2021\/05\/Festival-do-Cambuci-na-Nutric\u0327a\u0303o-Hospitalar-V3-1080x360.jpg 1080w, https:\/\/institutoaua.org.br\/campanha-safra-do-cambuci-2021\/wp-content\/uploads\/2021\/05\/Festival-do-Cambuci-na-Nutric\u0327a\u0303o-Hospitalar-V3-980x327.jpg 980w, https:\/\/institutoaua.org.br\/campanha-safra-do-cambuci-2021\/wp-content\/uploads\/2021\/05\/Festival-do-Cambuci-na-Nutric\u0327a\u0303o-Hospitalar-V3-480x160.jpg 480w\" sizes=\"auto, (max-width: 1200px) 100vw, 1200px\" \/><\/p>\n\n\t\t<style type=\"text\/css\">\n\t\t\t#gallery-1 {\n\t\t\t\tmargin: auto;\n\t\t\t}\n\t\t\t#gallery-1 .gallery-item {\n\t\t\t\tfloat: left;\n\t\t\t\tmargin-top: 10px;\n\t\t\t\ttext-align: center;\n\t\t\t\twidth: 33%;\n\t\t\t}\n\t\t\t#gallery-1 img {\n\t\t\t\tborder: 2px solid #cfcfcf;\n\t\t\t}\n\t\t\t#gallery-1 .gallery-caption {\n\t\t\t\tmargin-left: 0;\n\t\t\t}\n\t\t\t\/* see gallery_shortcode() in wp-includes\/media.php *\/\n\t\t<\/style>\n\t\t<div id='gallery-1' class='gallery galleryid-303 gallery-columns-3 gallery-size-medium'><dl class='gallery-item'>\n\t\t\t<dt class='gallery-icon landscape'>\n\t\t\t\t<img loading=\"lazy\" decoding=\"async\" width=\"300\" height=\"300\" src=\"https:\/\/institutoaua.org.br\/campanha-safra-do-cambuci-2021\/wp-content\/uploads\/2021\/05\/Logo-ICHC-300x300.jpg\" class=\"attachment-medium size-medium\" alt=\"\" srcset=\"https:\/\/institutoaua.org.br\/campanha-safra-do-cambuci-2021\/wp-content\/uploads\/2021\/05\/Logo-ICHC-300x300.jpg 300w, https:\/\/institutoaua.org.br\/campanha-safra-do-cambuci-2021\/wp-content\/uploads\/2021\/05\/Logo-ICHC-150x150.jpg 150w, https:\/\/institutoaua.org.br\/campanha-safra-do-cambuci-2021\/wp-content\/uploads\/2021\/05\/Logo-ICHC.jpg 400w\" sizes=\"auto, (max-width: 300px) 100vw, 300px\" \/>\n\t\t\t<\/dt><\/dl><dl class='gallery-item'>\n\t\t\t<dt class='gallery-icon landscape'>\n\t\t\t\t<img loading=\"lazy\" decoding=\"async\" width=\"300\" height=\"300\" src=\"https:\/\/institutoaua.org.br\/campanha-safra-do-cambuci-2021\/wp-content\/uploads\/2021\/05\/Logo-HCFMUSP-300x300.jpg\" class=\"attachment-medium size-medium\" alt=\"\" srcset=\"https:\/\/institutoaua.org.br\/campanha-safra-do-cambuci-2021\/wp-content\/uploads\/2021\/05\/Logo-HCFMUSP-300x300.jpg 300w, https:\/\/institutoaua.org.br\/campanha-safra-do-cambuci-2021\/wp-content\/uploads\/2021\/05\/Logo-HCFMUSP-150x150.jpg 150w, https:\/\/institutoaua.org.br\/campanha-safra-do-cambuci-2021\/wp-content\/uploads\/2021\/05\/Logo-HCFMUSP.jpg 400w\" sizes=\"auto, (max-width: 300px) 100vw, 300px\" \/>\n\t\t\t<\/dt><\/dl><dl class='gallery-item'>\n\t\t\t<dt class='gallery-icon landscape'>\n\t\t\t\t<img loading=\"lazy\" decoding=\"async\" width=\"300\" height=\"300\" src=\"https:\/\/institutoaua.org.br\/campanha-safra-do-cambuci-2021\/wp-content\/uploads\/2021\/05\/Logo-HC-300x300.jpg\" class=\"attachment-medium size-medium\" alt=\"\" srcset=\"https:\/\/institutoaua.org.br\/campanha-safra-do-cambuci-2021\/wp-content\/uploads\/2021\/05\/Logo-HC-300x300.jpg 300w, https:\/\/institutoaua.org.br\/campanha-safra-do-cambuci-2021\/wp-content\/uploads\/2021\/05\/Logo-HC-150x150.jpg 150w, https:\/\/institutoaua.org.br\/campanha-safra-do-cambuci-2021\/wp-content\/uploads\/2021\/05\/Logo-HC.jpg 400w\" sizes=\"auto, (max-width: 300px) 100vw, 300px\" \/>\n\t\t\t<\/dt><\/dl><br style=\"clear: both\" \/><dl class='gallery-item'>\n\t\t\t<dt class='gallery-icon landscape'>\n\t\t\t\t<img loading=\"lazy\" decoding=\"async\" width=\"300\" height=\"300\" src=\"https:\/\/institutoaua.org.br\/campanha-safra-do-cambuci-2021\/wp-content\/uploads\/2021\/05\/Logo-Cruz-Azul-300x300.jpg\" class=\"attachment-medium size-medium\" alt=\"\" srcset=\"https:\/\/institutoaua.org.br\/campanha-safra-do-cambuci-2021\/wp-content\/uploads\/2021\/05\/Logo-Cruz-Azul-300x300.jpg 300w, https:\/\/institutoaua.org.br\/campanha-safra-do-cambuci-2021\/wp-content\/uploads\/2021\/05\/Logo-Cruz-Azul-150x150.jpg 150w, https:\/\/institutoaua.org.br\/campanha-safra-do-cambuci-2021\/wp-content\/uploads\/2021\/05\/Logo-Cruz-Azul.jpg 400w\" sizes=\"auto, (max-width: 300px) 100vw, 300px\" \/>\n\t\t\t<\/dt><\/dl><dl class='gallery-item'>\n\t\t\t<dt class='gallery-icon landscape'>\n\t\t\t\t<img loading=\"lazy\" decoding=\"async\" width=\"300\" height=\"300\" src=\"https:\/\/institutoaua.org.br\/campanha-safra-do-cambuci-2021\/wp-content\/uploads\/2021\/05\/Logo-Prevent-Senior-300x300.jpg\" class=\"attachment-medium size-medium\" alt=\"\" srcset=\"https:\/\/institutoaua.org.br\/campanha-safra-do-cambuci-2021\/wp-content\/uploads\/2021\/05\/Logo-Prevent-Senior-300x300.jpg 300w, https:\/\/institutoaua.org.br\/campanha-safra-do-cambuci-2021\/wp-content\/uploads\/2021\/05\/Logo-Prevent-Senior-150x150.jpg 150w, https:\/\/institutoaua.org.br\/campanha-safra-do-cambuci-2021\/wp-content\/uploads\/2021\/05\/Logo-Prevent-Senior.jpg 400w\" sizes=\"auto, (max-width: 300px) 100vw, 300px\" \/>\n\t\t\t<\/dt><\/dl><dl class='gallery-item'>\n\t\t\t<dt class='gallery-icon landscape'>\n\t\t\t\t<img loading=\"lazy\" decoding=\"async\" width=\"300\" height=\"300\" src=\"https:\/\/institutoaua.org.br\/campanha-safra-do-cambuci-2021\/wp-content\/uploads\/2021\/05\/Logo-UNIMED-300x300.jpg\" class=\"attachment-medium size-medium\" alt=\"\" srcset=\"https:\/\/institutoaua.org.br\/campanha-safra-do-cambuci-2021\/wp-content\/uploads\/2021\/05\/Logo-UNIMED-300x300.jpg 300w, https:\/\/institutoaua.org.br\/campanha-safra-do-cambuci-2021\/wp-content\/uploads\/2021\/05\/Logo-UNIMED-150x150.jpg 150w, https:\/\/institutoaua.org.br\/campanha-safra-do-cambuci-2021\/wp-content\/uploads\/2021\/05\/Logo-UNIMED.jpg 400w\" sizes=\"auto, (max-width: 300px) 100vw, 300px\" \/>\n\t\t\t<\/dt><\/dl><br style=\"clear: both\" \/>\n\t\t<\/div>\n\n<\/td>\n<\/tr>\n<\/tbody>\n<\/table>\n<p>&nbsp;<\/p>\n<p style=\"text-align: right;\"><b><img loading=\"lazy\" decoding=\"async\" class=\"alignright wp-image-711\" src=\"https:\/\/institutoaua.org.br\/campanha-safra-do-cambuci-2021\/wp-content\/uploads\/2021\/03\/JM-Comunicac\u0327a\u0303o-278x300.jpg\" alt=\"\" width=\"102\" height=\"110\" srcset=\"https:\/\/institutoaua.org.br\/campanha-safra-do-cambuci-2021\/wp-content\/uploads\/2021\/03\/JM-Comunicac\u0327a\u0303o-278x300.jpg 278w, https:\/\/institutoaua.org.br\/campanha-safra-do-cambuci-2021\/wp-content\/uploads\/2021\/03\/JM-Comunicac\u0327a\u0303o-480x517.jpg 480w, https:\/\/institutoaua.org.br\/campanha-safra-do-cambuci-2021\/wp-content\/uploads\/2021\/03\/JM-Comunicac\u0327a\u0303o.jpg 503w\" sizes=\"auto, (max-width: 102px) 100vw, 102px\" \/>JM-Assessoria de Imprensa &amp; Comunica\u00e7\u00e3o<br \/><\/b><span style=\"font-weight: 400;\">Jos\u00e9 Maria Filho: Jornalista MTb 19.852<br \/><\/span><a href=\"mailto:josemariajornalista27@gmail.com\"><span style=\"font-weight: 400;\">josemariajornalista27@gmail.com<\/span><\/a><br \/><span style=\"font-weight: 400;\">Cel. e WhatSapp (11) 99804.1112<\/span><\/p>\n<p>[\/et_pb_text][\/et_pb_column][\/et_pb_row][\/et_pb_section]<\/p>\n","protected":false},"excerpt":{"rendered":"<p>[et_pb_section fb_built=&#8221;1&#8243; admin_label=&#8221;Conteudo&#8221; _builder_version=&#8221;4.9.2&#8243; _module_preset=&#8221;default&#8221; background_color=&#8221;gcid-02a935b2-594c-458f-9fb5-426da1a48a3e&#8221; background_image=&#8221;https:\/\/institutoaua.org.br\/campanha-safra-do-cambuci-2021\/wp-content\/uploads\/2021\/03\/grafismo-bg.png&#8221; background_size=&#8221;initial&#8221; background_position=&#8221;bottom_left&#8221; custom_padding=&#8221;0px||100px||false|false&#8221; custom_padding_tablet=&#8221;0px||205px||false|false&#8221; custom_padding_phone=&#8221;0px||120px||false|false&#8221; background_last_edited=&#8221;on|desktop&#8221; background_position_tablet=&#8221;bottom_center&#8221; custom_css_main_element=&#8221;background-size:27%!important;&#8221; global_colors_info=&#8221;{%22gcid-02a935b2-594c-458f-9fb5-426da1a48a3e%22:%91%22background_color%22%93}&#8221;][et_pb_row column_structure=&#8221;1_4,3_4&#8243; use_custom_gutter=&#8221;on&#8221; gutter_width=&#8221;2&#8243; _builder_version=&#8221;4.9.2&#8243; _module_preset=&#8221;cf9dec55-6c20-4bb6-a020-e8c152cdf5dd&#8221;][et_pb_column type=&#8221;1_4&#8243; admin_label=&#8221;Coluna&#8221; disabled_on=&#8221;on|on|off&#8221; _builder_version=&#8221;4.9.2&#8243; _module_preset=&#8221;default&#8221;][et_pb_sidebar area=&#8221;et_pb_widget_area_3&#8243; disabled_on=&#8221;off|off|off&#8221; _builder_version=&#8221;4.9.2&#8243; _module_preset=&#8221;default&#8221; sticky_limit_top=&#8221;row&#8221; sticky_limit_bottom=&#8221;row&#8221;][\/et_pb_sidebar][\/et_pb_column][et_pb_column type=&#8221;3_4&#8243; admin_label=&#8221;Coluna&#8221; _builder_version=&#8221;4.9.2&#8243; _module_preset=&#8221;default&#8221;][et_pb_text _builder_version=&#8221;4.9.3&#8243; _module_preset=&#8221;default&#8221; header_2_font=&#8221;|800|||||||&#8221; header_2_text_align=&#8221;left&#8221; header_2_text_color=&#8221;gcid-4023f119-17fd-4050-8795-7a41bc3bdef4&#8243; header_2_font_size=&#8221;34px&#8221; custom_margin=&#8221;0px||40px||false|false&#8221; custom_margin_tablet=&#8221;||30px||false|false&#8221; custom_margin_phone=&#8221;||20px||false|false&#8221; custom_margin_last_edited=&#8221;on|phone&#8221; custom_padding=&#8221;0px||0px||false|false&#8221; header_2_font_size_tablet=&#8221;28px&#8221; header_2_font_size_phone=&#8221;24px&#8221; header_2_font_size_last_edited=&#8221;on|phone&#8221; global_colors_info=&#8221;{%22gcid-4023f119-17fd-4050-8795-7a41bc3bdef4%22:%91%22header_2_text_color%22%93}&#8221;] O Festival Gastron\u00f4mico do [&hellip;]<\/p>\n","protected":false},"author":1,"featured_media":0,"parent":0,"menu_order":80,"comment_status":"closed","ping_status":"closed","template":"","meta":{"_acf_changed":false,"_et_pb_use_builder":"on","_et_pb_old_content":"","_et_gb_content_width":"","footnotes":""},"class_list":["post-303","page","type-page","status-publish","hentry"],"acf":[],"_links":{"self":[{"href":"https:\/\/institutoaua.org.br\/campanha-safra-do-cambuci-2021\/wp-json\/wp\/v2\/pages\/303","targetHints":{"allow":["GET"]}}],"collection":[{"href":"https:\/\/institutoaua.org.br\/campanha-safra-do-cambuci-2021\/wp-json\/wp\/v2\/pages"}],"about":[{"href":"https:\/\/institutoaua.org.br\/campanha-safra-do-cambuci-2021\/wp-json\/wp\/v2\/types\/page"}],"author":[{"embeddable":true,"href":"https:\/\/institutoaua.org.br\/campanha-safra-do-cambuci-2021\/wp-json\/wp\/v2\/users\/1"}],"replies":[{"embeddable":true,"href":"https:\/\/institutoaua.org.br\/campanha-safra-do-cambuci-2021\/wp-json\/wp\/v2\/comments?post=303"}],"version-history":[{"count":36,"href":"https:\/\/institutoaua.org.br\/campanha-safra-do-cambuci-2021\/wp-json\/wp\/v2\/pages\/303\/revisions"}],"predecessor-version":[{"id":1674,"href":"https:\/\/institutoaua.org.br\/campanha-safra-do-cambuci-2021\/wp-json\/wp\/v2\/pages\/303\/revisions\/1674"}],"wp:attachment":[{"href":"https:\/\/institutoaua.org.br\/campanha-safra-do-cambuci-2021\/wp-json\/wp\/v2\/media?parent=303"}],"curies":[{"name":"wp","href":"https:\/\/api.w.org\/{rel}","templated":true}]}}