{"id":301,"date":"2021-03-19T16:42:27","date_gmt":"2021-03-19T19:42:27","guid":{"rendered":"https:\/\/institutoaua.org.br\/campanha-safra-do-cambuci-2021\/?page_id=301"},"modified":"2021-04-24T11:40:21","modified_gmt":"2021-04-24T14:40:21","slug":"live-produtores-artesanais-rota-gastronomica-do-cambuci","status":"publish","type":"page","link":"https:\/\/institutoaua.org.br\/campanha-safra-do-cambuci-2021\/live-produtores-artesanais-rota-gastronomica-do-cambuci\/","title":{"rendered":"Live \u201cProdutores Artesanais &#8211; Rota Gastron\u00f4mica do Cambuci\u201d"},"content":{"rendered":"<p>[et_pb_section fb_built=&#8221;1&#8243; admin_label=&#8221;Video&#8221; _builder_version=&#8221;4.9.2&#8243; _module_preset=&#8221;default&#8221; background_color=&#8221;gcid-02a935b2-594c-458f-9fb5-426da1a48a3e&#8221; custom_padding=&#8221;0px||0px||false|false&#8221; custom_padding_tablet=&#8221;0px||0px||true|false&#8221; custom_padding_phone=&#8221;0px||0px||true|false&#8221; global_colors_info=&#8221;{%22gcid-02a935b2-594c-458f-9fb5-426da1a48a3e%22:%91%22background_color%22%93}&#8221;][et_pb_row _builder_version=&#8221;4.9.2&#8243; _module_preset=&#8221;cf9dec55-6c20-4bb6-a020-e8c152cdf5dd&#8221;][et_pb_column type=&#8221;4_4&#8243; _builder_version=&#8221;4.9.2&#8243; _module_preset=&#8221;default&#8221;][et_pb_video src=&#8221;https:\/\/www.youtube.com\/watch?v=LKHYLYAMnLA&#8221; _builder_version=&#8221;4.9.2&#8243; _module_preset=&#8221;default&#8221;][\/et_pb_video][\/et_pb_column][\/et_pb_row][\/et_pb_section][et_pb_section fb_built=&#8221;1&#8243; admin_label=&#8221;Conteudo&#8221; _builder_version=&#8221;4.9.2&#8243; _module_preset=&#8221;default&#8221; background_color=&#8221;gcid-02a935b2-594c-458f-9fb5-426da1a48a3e&#8221; background_image=&#8221;https:\/\/institutoaua.org.br\/campanha-safra-do-cambuci-2021\/wp-content\/uploads\/2021\/03\/grafismo-bg.png&#8221; background_size=&#8221;initial&#8221; background_position=&#8221;bottom_left&#8221; custom_padding_tablet=&#8221;80px||220px||false|false&#8221; custom_padding_phone=&#8221;60px||120px||false|false&#8221; background_last_edited=&#8221;on|desktop&#8221; background_position_tablet=&#8221;bottom_center&#8221; custom_css_main_element=&#8221;background-size:27%!important;&#8221; global_colors_info=&#8221;{%22gcid-02a935b2-594c-458f-9fb5-426da1a48a3e%22:%91%22background_color%22%93}&#8221;][et_pb_row column_structure=&#8221;1_4,3_4&#8243; use_custom_gutter=&#8221;on&#8221; gutter_width=&#8221;2&#8243; _builder_version=&#8221;4.9.2&#8243; _module_preset=&#8221;cf9dec55-6c20-4bb6-a020-e8c152cdf5dd&#8221;][et_pb_column type=&#8221;1_4&#8243; admin_label=&#8221;Coluna&#8221; disabled_on=&#8221;on|on|off&#8221; _builder_version=&#8221;4.9.2&#8243; _module_preset=&#8221;default&#8221;][et_pb_sidebar area=&#8221;et_pb_widget_area_3&#8243; disabled_on=&#8221;off|off|off&#8221; _builder_version=&#8221;4.9.2&#8243; _module_preset=&#8221;default&#8221; sticky_limit_top=&#8221;row&#8221; sticky_limit_bottom=&#8221;row&#8221;][\/et_pb_sidebar][\/et_pb_column][et_pb_column type=&#8221;3_4&#8243; admin_label=&#8221;Coluna&#8221; _builder_version=&#8221;4.9.2&#8243; _module_preset=&#8221;default&#8221;][et_pb_text _builder_version=&#8221;4.9.3&#8243; _module_preset=&#8221;default&#8221; text_text_color=&#8221;#545454&#8243; text_font_size=&#8221;20px&#8221; text_line_height=&#8221;1.3em&#8221; custom_margin=&#8221;||40px||false|false&#8221; custom_margin_tablet=&#8221;||30px||false|false&#8221; custom_margin_phone=&#8221;||20px||false|false&#8221; custom_margin_last_edited=&#8221;on|phone&#8221; hover_enabled=&#8221;0&#8243; text_font_size_tablet=&#8221;18px&#8221; text_font_size_phone=&#8221;16px&#8221; text_font_size_last_edited=&#8221;on|phone&#8221; sticky_enabled=&#8221;0&#8243;]<\/p>\n<p><span style=\"font-weight: 400;\">O objetivo do AU\u00c1 com essa Live \u00e9 reunir produtores artesanais que participam tradicionalmente dos festivais municipais do Cambuci, como acontece h\u00e1 treze anos, e que fabricam produtos especiais deste fruto nativo da Mata Atl\u00e2ntica como:\u00a0 como geleias, antepastos, doces, salgados, cacha\u00e7as, licores, cervejas, cer\u00e2mica, biscoitos, refei\u00e7\u00f5es etc.\u00a0\u00a0<\/span><\/p>\n<p><span style=\"font-weight: 400;\">A Rota do Cambuci objetiva resgatar o cultivo e o consumo do fruto,\u00a0 como estrat\u00e9gia de conserva\u00e7\u00e3o das matas e gera\u00e7\u00e3o de renda para os produtores da regi\u00e3o da Serra do Mar Paulista. A Rota promove ainda a organiza\u00e7\u00e3o dos produtores e a diversifica\u00e7\u00e3o de cultivos.<\/span><\/p>\n<p><span style=\"font-weight: 400;\">O Presidente do Instituto AU\u00c1 Gabriel Menezes far\u00e1 a media\u00e7\u00e3o da Live, que tem como madrinha a Chef Ana Maria Thomazoni, membro do Slow Food Brasil, da Associa\u00e7\u00e3o Cozinheiros Sem Fronteiras e Aregala Internacional, ONGs que apoiam a Campanha Safra do Cambuci 2021, e tamb\u00e9m \u00e9 Diretora da Escola Sabor &amp; Saber Gastronomia.\u00a0<\/span><\/p>\n<p><span style=\"font-weight: 400;\">Participam da live treze produtores, que falar\u00e3o de suas produ\u00e7\u00f5es a partir de ingredientes da Mata Atl\u00e2ntica.<\/span><\/p>\n<h3 style=\"text-align: center;\"><b><i>Participantes<\/i><\/b><\/h3>\n<p>&nbsp;<\/p>\n<table style=\"height: 322px; width: 100%; border-collapse: collapse; border-style: solid; border-color: #204509; background-color: #ffffff;\" border=\"4\">\n<tbody>\n<tr style=\"height: 23px;\">\n<td style=\"width: 33.3333%; height: 23px; text-align: center;\">\n<h3><b>Munic\u00edpio<\/b><\/h3>\n<\/td>\n<td style=\"width: 33.3333%; text-align: center; height: 23px;\">\n<h3><b>Representante<\/b><\/h3>\n<\/td>\n<td style=\"width: 33.3333%; text-align: center; height: 23px;\">\n<h3><b>Marca<\/b><\/h3>\n<\/td>\n<\/tr>\n<tr style=\"height: 23px;\">\n<td style=\"width: 33.3333%; height: 23px; text-align: center;\"><span style=\"font-weight: 400;\">S\u00e3o Louren\u00e7o da Serra<\/span><\/td>\n<td style=\"width: 33.3333%; height: 23px; text-align: center;\"><span style=\"font-weight: 400;\">Nilson M\u00e1ximo<\/span><\/td>\n<td style=\"width: 33.3333%; height: 23px; text-align: center;\"><span style=\"font-weight: 400;\">Rancho Inhame Bravo<\/span><\/td>\n<\/tr>\n<tr style=\"height: 23px;\">\n<td style=\"width: 33.3333%; height: 23px; text-align: center;\"><span style=\"font-weight: 400;\">S\u00e3o Paulo (Parelheiros)<\/span><\/td>\n<td style=\"width: 33.3333%; height: 23px; text-align: center;\"><span style=\"font-weight: 400;\">Beth e J\u00fanior<\/span><\/td>\n<td style=\"width: 33.3333%; height: 23px; text-align: center;\"><span style=\"font-weight: 400;\">Recanto Magini<\/span><\/td>\n<\/tr>\n<tr style=\"height: 23px;\">\n<td style=\"width: 33.3333%; height: 23px; text-align: center;\"><span style=\"font-weight: 400;\">S\u00e3o Paulo( Cambuci)<\/span><\/td>\n<td style=\"width: 33.3333%; height: 23px; text-align: center;\"><span style=\"font-weight: 400;\">Moraci<\/span><\/td>\n<td style=\"width: 33.3333%; height: 23px; text-align: center;\"><span style=\"font-weight: 400;\">Casa do Bolo de Rolo<\/span><\/td>\n<\/tr>\n<tr style=\"height: 23px;\">\n<td style=\"width: 33.3333%; height: 23px; text-align: center;\"><span style=\"font-weight: 400;\">S\u00e3o Paulo (Cambuci)<\/span><\/td>\n<td style=\"width: 33.3333%; height: 23px; text-align: center;\"><span style=\"font-weight: 400;\">Luiza Madalena<\/span><\/td>\n<td style=\"width: 33.3333%; height: 23px; text-align: center;\"><span style=\"font-weight: 400;\">Bon Couvert<\/span><\/td>\n<\/tr>\n<tr style=\"height: 23px;\">\n<td style=\"width: 33.3333%; height: 23px; text-align: center;\"><span style=\"font-weight: 400;\">Rio Grande da Serra<\/span><\/td>\n<td style=\"width: 33.3333%; height: 23px; text-align: center;\"><span style=\"font-weight: 400;\">Teresa Curvelo<\/span><\/td>\n<td style=\"width: 33.3333%; height: 23px; text-align: center;\">\u00a0<\/td>\n<\/tr>\n<tr style=\"height: 23px;\">\n<td style=\"width: 33.3333%; height: 23px; text-align: center;\"><span style=\"font-weight: 400;\">Ribeir\u00e3o Pires<\/span><\/td>\n<td style=\"width: 33.3333%; height: 23px; text-align: center;\"><span style=\"font-weight: 400;\">Sr. Ernesto<\/span><\/td>\n<td style=\"width: 33.3333%; height: 23px; text-align: center;\"><span style=\"font-weight: 400;\">Del\u00edcias da Serra<\/span><\/td>\n<\/tr>\n<tr style=\"height: 23px;\">\n<td style=\"width: 33.3333%; height: 23px; text-align: center;\"><span style=\"font-weight: 400;\">Santo Andr\u00e9<br \/>(<\/span><span style=\"font-weight: 400;\">Paranapiacaba<\/span><span style=\"font-weight: 400;\">)<\/span><\/td>\n<td style=\"width: 33.3333%; height: 23px; text-align: center;\"><span style=\"font-weight: 400;\">Alzira<\/span><\/td>\n<td style=\"width: 33.3333%; height: 23px; text-align: center;\"><span style=\"font-weight: 400;\">Espa\u00e7o da Alzira<\/span><\/td>\n<\/tr>\n<tr style=\"height: 23px;\">\n<td style=\"width: 33.3333%; height: 23px; text-align: center;\"><span style=\"font-weight: 400;\">S\u00e3o Bernardo do Campo<\/span><\/td>\n<td style=\"width: 33.3333%; height: 23px; text-align: center;\"><span style=\"font-weight: 400;\">Gilson<\/span><\/td>\n<td style=\"width: 33.3333%; height: 23px; text-align: center;\"><span style=\"font-weight: 400;\">Tapioca GG<\/span><\/td>\n<\/tr>\n<tr style=\"height: 23px;\">\n<td style=\"width: 33.3333%; height: 23px; text-align: center;\"><span style=\"font-weight: 400;\">S\u00e3o Bernardo do Campo<br \/>(Rancho Grande<\/span><span style=\"font-weight: 400;\">)<\/span><\/td>\n<td style=\"width: 33.3333%; height: 23px; text-align: center;\"><span style=\"font-weight: 400;\">Vanderleia<\/span><\/td>\n<td style=\"width: 33.3333%; height: 23px; text-align: center;\"><span style=\"font-weight: 400;\">Rede Balsear<\/span><\/td>\n<\/tr>\n<tr style=\"height: 23px;\">\n<td style=\"width: 33.3333%; height: 23px; text-align: center;\"><span style=\"font-weight: 400;\">Bertioga<\/span><\/td>\n<td style=\"width: 33.3333%; height: 23px; text-align: center;\"><span style=\"font-weight: 400;\">Cristiano Lanza<\/span><\/td>\n<td style=\"width: 33.3333%; height: 23px; text-align: center;\"><span style=\"font-weight: 400;\">Brassaria Curupira<\/span><\/td>\n<\/tr>\n<tr style=\"height: 23px;\">\n<td style=\"width: 33.3333%; height: 23px; text-align: center;\"><span style=\"font-weight: 400;\">Sales\u00f3polis<\/span><\/td>\n<td style=\"width: 33.3333%; height: 23px; text-align: center;\"><span style=\"font-weight: 400;\">Gato<\/span><\/td>\n<td style=\"width: 33.3333%; height: 23px; text-align: center;\"><span style=\"font-weight: 400;\">Emp\u00f3rio do Cambuci<\/span><\/td>\n<\/tr>\n<tr style=\"height: 23px;\">\n<td style=\"width: 33.3333%; text-align: center; height: 23px;\"><span style=\"font-weight: 400;\">Paraibuna<\/span><\/td>\n<td style=\"width: 33.3333%; text-align: center; height: 23px;\"><span style=\"font-weight: 400;\">Suzana<\/span><\/td>\n<td style=\"width: 33.3333%; text-align: center; height: 23px;\"><span style=\"font-weight: 400;\">Mercado da Suzana<\/span><\/td>\n<\/tr>\n<tr style=\"height: 23px;\">\n<td style=\"width: 33.3333%; height: 23px; text-align: center;\"><span style=\"font-weight: 400;\">Paraibuna<\/span><\/td>\n<td style=\"width: 33.3333%; height: 23px; text-align: center;\"><span style=\"font-weight: 400;\">Suzy<\/span><\/td>\n<td style=\"width: 33.3333%; height: 23px; text-align: center;\"><span style=\"font-weight: 400;\">Instituto H&amp;H Fauser<\/span><\/td>\n<\/tr>\n<\/tbody>\n<\/table>\n<p><img loading=\"lazy\" decoding=\"async\" class=\"aligncenter wp-image-357 size-full\" src=\"https:\/\/institutoaua.org.br\/campanha-safra-do-cambuci-2021\/wp-content\/uploads\/2021\/03\/Rota-do-Cambuci-produtos.jpg\" alt=\"\" width=\"1203\" height=\"785\" srcset=\"https:\/\/institutoaua.org.br\/campanha-safra-do-cambuci-2021\/wp-content\/uploads\/2021\/03\/Rota-do-Cambuci-produtos.jpg 1203w, https:\/\/institutoaua.org.br\/campanha-safra-do-cambuci-2021\/wp-content\/uploads\/2021\/03\/Rota-do-Cambuci-produtos-980x639.jpg 980w, https:\/\/institutoaua.org.br\/campanha-safra-do-cambuci-2021\/wp-content\/uploads\/2021\/03\/Rota-do-Cambuci-produtos-480x313.jpg 480w\" sizes=\"auto, (min-width: 0px) and (max-width: 480px) 480px, (min-width: 481px) and (max-width: 980px) 980px, (min-width: 981px) 1203px, 100vw\" \/><\/p>\n<p>&nbsp;<\/p>\n<p style=\"text-align: right;\"><b><img loading=\"lazy\" decoding=\"async\" class=\"alignright wp-image-711\" src=\"https:\/\/institutoaua.org.br\/campanha-safra-do-cambuci-2021\/wp-content\/uploads\/2021\/03\/JM-Comunicac\u0327a\u0303o-278x300.jpg\" alt=\"\" width=\"102\" height=\"110\" srcset=\"https:\/\/institutoaua.org.br\/campanha-safra-do-cambuci-2021\/wp-content\/uploads\/2021\/03\/JM-Comunicac\u0327a\u0303o-278x300.jpg 278w, https:\/\/institutoaua.org.br\/campanha-safra-do-cambuci-2021\/wp-content\/uploads\/2021\/03\/JM-Comunicac\u0327a\u0303o-480x517.jpg 480w, https:\/\/institutoaua.org.br\/campanha-safra-do-cambuci-2021\/wp-content\/uploads\/2021\/03\/JM-Comunicac\u0327a\u0303o.jpg 503w\" sizes=\"auto, (max-width: 102px) 100vw, 102px\" \/>JM-Assessoria de Imprensa &amp; Comunica\u00e7\u00e3o<br \/><\/b><span style=\"font-weight: 400;\">Jos\u00e9 Maria Filho: Jornalista MTb 19.852<br \/><\/span><a href=\"mailto:josemariajornalista27@gmail.com\" target=\"_blank\" rel=\"noopener\"><span style=\"font-weight: 400;\">josemariajornalista27@gmail.com<\/span><\/a><br \/><span style=\"font-weight: 400;\">Cel. e WhatSapp (11) 99804.1112<\/span><\/p>\n<p>[\/et_pb_text][\/et_pb_column][\/et_pb_row][\/et_pb_section]<\/p>\n","protected":false},"excerpt":{"rendered":"<p>[et_pb_section fb_built=&#8221;1&#8243; admin_label=&#8221;Video&#8221; _builder_version=&#8221;4.9.2&#8243; _module_preset=&#8221;default&#8221; background_color=&#8221;gcid-02a935b2-594c-458f-9fb5-426da1a48a3e&#8221; custom_padding=&#8221;0px||0px||false|false&#8221; custom_padding_tablet=&#8221;0px||0px||true|false&#8221; custom_padding_phone=&#8221;0px||0px||true|false&#8221; global_colors_info=&#8221;{%22gcid-02a935b2-594c-458f-9fb5-426da1a48a3e%22:%91%22background_color%22%93}&#8221;][et_pb_row _builder_version=&#8221;4.9.2&#8243; _module_preset=&#8221;cf9dec55-6c20-4bb6-a020-e8c152cdf5dd&#8221;][et_pb_column type=&#8221;4_4&#8243; _builder_version=&#8221;4.9.2&#8243; _module_preset=&#8221;default&#8221;][et_pb_video src=&#8221;https:\/\/www.youtube.com\/watch?v=LKHYLYAMnLA&#8221; _builder_version=&#8221;4.9.2&#8243; _module_preset=&#8221;default&#8221;][\/et_pb_video][\/et_pb_column][\/et_pb_row][\/et_pb_section][et_pb_section fb_built=&#8221;1&#8243; admin_label=&#8221;Conteudo&#8221; _builder_version=&#8221;4.9.2&#8243; _module_preset=&#8221;default&#8221; background_color=&#8221;gcid-02a935b2-594c-458f-9fb5-426da1a48a3e&#8221; background_image=&#8221;https:\/\/institutoaua.org.br\/campanha-safra-do-cambuci-2021\/wp-content\/uploads\/2021\/03\/grafismo-bg.png&#8221; background_size=&#8221;initial&#8221; background_position=&#8221;bottom_left&#8221; custom_padding_tablet=&#8221;80px||220px||false|false&#8221; custom_padding_phone=&#8221;60px||120px||false|false&#8221; background_last_edited=&#8221;on|desktop&#8221; background_position_tablet=&#8221;bottom_center&#8221; custom_css_main_element=&#8221;background-size:27%!important;&#8221; global_colors_info=&#8221;{%22gcid-02a935b2-594c-458f-9fb5-426da1a48a3e%22:%91%22background_color%22%93}&#8221;][et_pb_row column_structure=&#8221;1_4,3_4&#8243; use_custom_gutter=&#8221;on&#8221; gutter_width=&#8221;2&#8243; _builder_version=&#8221;4.9.2&#8243; _module_preset=&#8221;cf9dec55-6c20-4bb6-a020-e8c152cdf5dd&#8221;][et_pb_column type=&#8221;1_4&#8243; admin_label=&#8221;Coluna&#8221; disabled_on=&#8221;on|on|off&#8221; _builder_version=&#8221;4.9.2&#8243; _module_preset=&#8221;default&#8221;][et_pb_sidebar area=&#8221;et_pb_widget_area_3&#8243; disabled_on=&#8221;off|off|off&#8221; _builder_version=&#8221;4.9.2&#8243; _module_preset=&#8221;default&#8221; sticky_limit_top=&#8221;row&#8221; sticky_limit_bottom=&#8221;row&#8221;][\/et_pb_sidebar][\/et_pb_column][et_pb_column type=&#8221;3_4&#8243; admin_label=&#8221;Coluna&#8221; _builder_version=&#8221;4.9.2&#8243; _module_preset=&#8221;default&#8221;][et_pb_text _builder_version=&#8221;4.9.3&#8243; _module_preset=&#8221;default&#8221; text_text_color=&#8221;#545454&#8243; [&hellip;]<\/p>\n","protected":false},"author":1,"featured_media":0,"parent":0,"menu_order":40,"comment_status":"closed","ping_status":"closed","template":"","meta":{"_acf_changed":false,"_et_pb_use_builder":"on","_et_pb_old_content":"","_et_gb_content_width":"","footnotes":""},"class_list":["post-301","page","type-page","status-publish","hentry"],"acf":[],"_links":{"self":[{"href":"https:\/\/institutoaua.org.br\/campanha-safra-do-cambuci-2021\/wp-json\/wp\/v2\/pages\/301","targetHints":{"allow":["GET"]}}],"collection":[{"href":"https:\/\/institutoaua.org.br\/campanha-safra-do-cambuci-2021\/wp-json\/wp\/v2\/pages"}],"about":[{"href":"https:\/\/institutoaua.org.br\/campanha-safra-do-cambuci-2021\/wp-json\/wp\/v2\/types\/page"}],"author":[{"embeddable":true,"href":"https:\/\/institutoaua.org.br\/campanha-safra-do-cambuci-2021\/wp-json\/wp\/v2\/users\/1"}],"replies":[{"embeddable":true,"href":"https:\/\/institutoaua.org.br\/campanha-safra-do-cambuci-2021\/wp-json\/wp\/v2\/comments?post=301"}],"version-history":[{"count":15,"href":"https:\/\/institutoaua.org.br\/campanha-safra-do-cambuci-2021\/wp-json\/wp\/v2\/pages\/301\/revisions"}],"predecessor-version":[{"id":1606,"href":"https:\/\/institutoaua.org.br\/campanha-safra-do-cambuci-2021\/wp-json\/wp\/v2\/pages\/301\/revisions\/1606"}],"wp:attachment":[{"href":"https:\/\/institutoaua.org.br\/campanha-safra-do-cambuci-2021\/wp-json\/wp\/v2\/media?parent=301"}],"curies":[{"name":"wp","href":"https:\/\/api.w.org\/{rel}","templated":true}]}}