{"id":299,"date":"2021-03-19T16:41:57","date_gmt":"2021-03-19T19:41:57","guid":{"rendered":"https:\/\/institutoaua.org.br\/campanha-safra-do-cambuci-2021\/?page_id=299"},"modified":"2021-03-27T18:30:34","modified_gmt":"2021-03-27T21:30:34","slug":"live-aps-arranjo-produtivo-sustentavel-do-cambuci","status":"publish","type":"page","link":"https:\/\/institutoaua.org.br\/campanha-safra-do-cambuci-2021\/live-aps-arranjo-produtivo-sustentavel-do-cambuci\/","title":{"rendered":"Live \u201cAPS &#8211; Arranjo Produtivo Sustent\u00e1vel do Cambuci\u201d"},"content":{"rendered":"<p>[et_pb_section fb_built=&#8221;1&#8243; admin_label=&#8221;Video&#8221; _builder_version=&#8221;4.9.2&#8243; _module_preset=&#8221;default&#8221; background_color=&#8221;gcid-02a935b2-594c-458f-9fb5-426da1a48a3e&#8221; custom_padding=&#8221;0px||0px||false|false&#8221; custom_padding_tablet=&#8221;0px||0px||true|false&#8221; custom_padding_phone=&#8221;0px||0px||true|false&#8221; global_colors_info=&#8221;{%22gcid-02a935b2-594c-458f-9fb5-426da1a48a3e%22:%91%22background_color%22%93}&#8221;][et_pb_row _builder_version=&#8221;4.9.2&#8243; _module_preset=&#8221;cf9dec55-6c20-4bb6-a020-e8c152cdf5dd&#8221;][et_pb_column type=&#8221;4_4&#8243; _builder_version=&#8221;4.9.2&#8243; _module_preset=&#8221;default&#8221;][et_pb_video src=&#8221;https:\/\/www.youtube.com\/watch?v=hIBcE7eQOMc&#8221; _builder_version=&#8221;4.9.2&#8243; _module_preset=&#8221;default&#8221;][\/et_pb_video][\/et_pb_column][\/et_pb_row][\/et_pb_section][et_pb_section fb_built=&#8221;1&#8243; admin_label=&#8221;Conteudo&#8221; _builder_version=&#8221;4.9.2&#8243; _module_preset=&#8221;default&#8221; background_color=&#8221;gcid-02a935b2-594c-458f-9fb5-426da1a48a3e&#8221; background_image=&#8221;https:\/\/institutoaua.org.br\/campanha-safra-do-cambuci-2021\/wp-content\/uploads\/2021\/03\/grafismo-bg.png&#8221; background_size=&#8221;initial&#8221; background_position=&#8221;bottom_left&#8221; custom_padding_tablet=&#8221;80px||220px||false|false&#8221; custom_padding_phone=&#8221;60px||120px||false|false&#8221; background_last_edited=&#8221;on|desktop&#8221; background_position_tablet=&#8221;bottom_center&#8221; custom_css_main_element=&#8221;background-size:27%!important;&#8221; global_colors_info=&#8221;{%22gcid-02a935b2-594c-458f-9fb5-426da1a48a3e%22:%91%22background_color%22%93}&#8221;][et_pb_row column_structure=&#8221;1_4,3_4&#8243; use_custom_gutter=&#8221;on&#8221; gutter_width=&#8221;2&#8243; _builder_version=&#8221;4.9.2&#8243; _module_preset=&#8221;cf9dec55-6c20-4bb6-a020-e8c152cdf5dd&#8221;][et_pb_column type=&#8221;1_4&#8243; admin_label=&#8221;Coluna&#8221; disabled_on=&#8221;on|on|off&#8221; _builder_version=&#8221;4.9.2&#8243; _module_preset=&#8221;default&#8221;][et_pb_sidebar area=&#8221;et_pb_widget_area_3&#8243; disabled_on=&#8221;off|off|off&#8221; _builder_version=&#8221;4.9.2&#8243; _module_preset=&#8221;default&#8221; sticky_position=&#8221;top_bottom&#8221; sticky_limit_top=&#8221;row&#8221; sticky_limit_bottom=&#8221;row&#8221; hover_enabled=&#8221;0&#8243; sticky_enabled=&#8221;0&#8243;][\/et_pb_sidebar][\/et_pb_column][et_pb_column type=&#8221;3_4&#8243; admin_label=&#8221;Coluna&#8221; _builder_version=&#8221;4.9.2&#8243; _module_preset=&#8221;default&#8221;][et_pb_text admin_label=&#8221;Texto&#8221; _builder_version=&#8221;4.9.2&#8243; _module_preset=&#8221;default&#8221; text_text_color=&#8221;#545454&#8243; text_font_size=&#8221;20px&#8221; text_line_height=&#8221;1.3em&#8221; custom_margin=&#8221;||40px||false|false&#8221; custom_margin_tablet=&#8221;||30px||false|false&#8221; custom_margin_phone=&#8221;||20px||false|false&#8221; custom_margin_last_edited=&#8221;on|phone&#8221; text_font_size_tablet=&#8221;18px&#8221; text_font_size_phone=&#8221;16px&#8221; text_font_size_last_edited=&#8221;on|phone&#8221;]<\/p>\n<p>O objetivo do encontro \u00e9 estabelecer uma conex\u00e3o entre agricultor, produtor que desenvolve produtos artesanais de cambuci e outros frutos do bioma Mata Atl\u00e2ntica, a ind\u00fastria de transforma\u00e7\u00e3o , a nutri\u00e7\u00e3o e gastronomia e o consumidor final seja institucional, como o segmento food service e o varejo.<\/p>\n<p>A forma\u00e7\u00e3o do Arranjo Produtivo Sustent\u00e1vel \u2013 APS &#8211; do Cambuci e Esp\u00e9cies Nativas da Mata Atl\u00e2ntica, com produtores (quem possui p\u00e9s plantados) e beneficiadores (quem tem o trabalho com as nativas como neg\u00f3cio e est\u00e1 investindo em infraestrutura para beneficiamento, tem produ\u00e7\u00e3o pr\u00f3pria ou compra dos produtores e comercializa no mercado junto ao Instituto AU\u00c1), que se associam ao Instituto e recebem apoio com capta\u00e7\u00e3o de recursos, capacita\u00e7\u00e3o e comercializa\u00e7\u00e3o. Atualmente, este APS envolve mais de 10 beneficiadores e 50 produtores e \u00e9 reconhecido pelo Programa de Arranjos Produtivos Locais da Secretaria Estadual de Desenvolvimento Econ\u00f4mico de S\u00e3o Paulo.<\/p>\n<p>&nbsp;<\/p>\n<h3 style=\"text-align: center;\"><strong>Sobre a Live<\/strong><\/h3>\n<p style=\"text-align: center;\"><b>A live acontecer\u00e1 dia 27 de mar\u00e7o (s\u00e1bado), das 16h \u00e0s 18h.<\/b><\/p>\n<p>&nbsp;<\/p>\n<p style=\"text-align: center;\"><strong>Mediador<\/strong> &#8211; Gabriel Menezes &#8211; <em>Presidente do Instituto AU\u00c1<\/em><br \/><strong>Abertura<\/strong> &#8211; Ondalva Serrano &#8211; <em>Fundadora do AU\u00c1<\/em><\/p>\n<p style=\"text-align: center;\"><strong>Agricultor S\u00edtio Ch\u00e3o D\u2019\u00e1gua<\/strong> &#8211; Roberto de Moraes<\/p>\n<p style=\"text-align: center;\"><strong>Ind\u00fastrias<\/strong><br \/><strong>Sorvetes Rochinha<\/strong> &#8211; com <span style=\"font-weight: 400;\">Giovana Chaves<\/span><br \/><strong>Belnatur<\/strong> &#8211; com Denilson Martho<br \/><strong>Naturanic<\/strong> &#8211; com Fl\u00e1vio Fernandes<br \/><strong>Puro Verde Kombuchas<\/strong> &#8211; com Cristian Nillesen<\/p>\n<p style=\"text-align: center;\"><strong>Gastronomia<br \/>Le Manjue Organique<\/strong> &#8211; com Chef Renato Caleffi<\/p>\n<p style=\"text-align: center;\"><strong>Parceiros institucionais<\/strong><br \/><strong>Diretora T\u00e9cnica do Programa de Fomento aos APLs \u2013 Arranjos Produtivos Paulista &#8211; Claudia Cerqueira<br \/>Secretaria de Infraestrutura e Desenvolvimento &#8211; com Isabel<br \/>VP-Centro de Nutri\u00e7\u00e3o Funcional<\/strong> \u2013 com Dra.Val\u00e9ria Paschoal:Madrinha,<br \/><strong>WWF Brasil<\/strong> \u2013 com Thiago Belote<\/p>\n<p><img loading=\"lazy\" decoding=\"async\" class=\"aligncenter wp-image-660 size-full\" src=\"https:\/\/institutoaua.org.br\/campanha-safra-do-cambuci-2021\/wp-content\/uploads\/2021\/03\/Live-1-Site-1.jpg\" alt=\"\" width=\"800\" height=\"1684\" srcset=\"https:\/\/institutoaua.org.br\/campanha-safra-do-cambuci-2021\/wp-content\/uploads\/2021\/03\/Live-1-Site-1.jpg 800w, https:\/\/institutoaua.org.br\/campanha-safra-do-cambuci-2021\/wp-content\/uploads\/2021\/03\/Live-1-Site-1-480x1010.jpg 480w\" sizes=\"auto, (min-width: 0px) and (max-width: 480px) 480px, (min-width: 481px) 800px, 100vw\" \/><\/p>\n<p style=\"text-align: right;\"><b><img loading=\"lazy\" decoding=\"async\" class=\"alignright wp-image-711\" src=\"https:\/\/institutoaua.org.br\/campanha-safra-do-cambuci-2021\/wp-content\/uploads\/2021\/03\/JM-Comunicac\u0327a\u0303o-278x300.jpg\" alt=\"\" width=\"102\" height=\"110\" srcset=\"https:\/\/institutoaua.org.br\/campanha-safra-do-cambuci-2021\/wp-content\/uploads\/2021\/03\/JM-Comunicac\u0327a\u0303o-278x300.jpg 278w, https:\/\/institutoaua.org.br\/campanha-safra-do-cambuci-2021\/wp-content\/uploads\/2021\/03\/JM-Comunicac\u0327a\u0303o-480x517.jpg 480w, https:\/\/institutoaua.org.br\/campanha-safra-do-cambuci-2021\/wp-content\/uploads\/2021\/03\/JM-Comunicac\u0327a\u0303o.jpg 503w\" sizes=\"auto, (max-width: 102px) 100vw, 102px\" \/>JM-Assessoria de Imprensa &amp; Comunica\u00e7\u00e3o<br \/><\/b><span style=\"font-weight: 400;\">Jos\u00e9 Maria Filho: Jornalista MTb 19.852<br \/><\/span><a href=\"mailto:josemariajornalista27@gmail.com\"><span style=\"font-weight: 400;\">josemariajornalista27@gmail.com<\/span><\/a><br \/><span style=\"font-weight: 400;\">Cel. e WhatSapp (11) 99804.1112<\/span><\/p>\n<p>[\/et_pb_text][\/et_pb_column][\/et_pb_row][\/et_pb_section]<\/p>\n","protected":false},"excerpt":{"rendered":"<p>[et_pb_section fb_built=&#8221;1&#8243; admin_label=&#8221;Video&#8221; _builder_version=&#8221;4.9.2&#8243; _module_preset=&#8221;default&#8221; background_color=&#8221;gcid-02a935b2-594c-458f-9fb5-426da1a48a3e&#8221; custom_padding=&#8221;0px||0px||false|false&#8221; custom_padding_tablet=&#8221;0px||0px||true|false&#8221; custom_padding_phone=&#8221;0px||0px||true|false&#8221; global_colors_info=&#8221;{%22gcid-02a935b2-594c-458f-9fb5-426da1a48a3e%22:%91%22background_color%22%93}&#8221;][et_pb_row _builder_version=&#8221;4.9.2&#8243; _module_preset=&#8221;cf9dec55-6c20-4bb6-a020-e8c152cdf5dd&#8221;][et_pb_column type=&#8221;4_4&#8243; _builder_version=&#8221;4.9.2&#8243; _module_preset=&#8221;default&#8221;][et_pb_video src=&#8221;https:\/\/www.youtube.com\/watch?v=hIBcE7eQOMc&#8221; _builder_version=&#8221;4.9.2&#8243; _module_preset=&#8221;default&#8221;][\/et_pb_video][\/et_pb_column][\/et_pb_row][\/et_pb_section][et_pb_section fb_built=&#8221;1&#8243; admin_label=&#8221;Conteudo&#8221; _builder_version=&#8221;4.9.2&#8243; _module_preset=&#8221;default&#8221; background_color=&#8221;gcid-02a935b2-594c-458f-9fb5-426da1a48a3e&#8221; background_image=&#8221;https:\/\/institutoaua.org.br\/campanha-safra-do-cambuci-2021\/wp-content\/uploads\/2021\/03\/grafismo-bg.png&#8221; background_size=&#8221;initial&#8221; background_position=&#8221;bottom_left&#8221; custom_padding_tablet=&#8221;80px||220px||false|false&#8221; custom_padding_phone=&#8221;60px||120px||false|false&#8221; background_last_edited=&#8221;on|desktop&#8221; background_position_tablet=&#8221;bottom_center&#8221; custom_css_main_element=&#8221;background-size:27%!important;&#8221; global_colors_info=&#8221;{%22gcid-02a935b2-594c-458f-9fb5-426da1a48a3e%22:%91%22background_color%22%93}&#8221;][et_pb_row column_structure=&#8221;1_4,3_4&#8243; use_custom_gutter=&#8221;on&#8221; gutter_width=&#8221;2&#8243; _builder_version=&#8221;4.9.2&#8243; _module_preset=&#8221;cf9dec55-6c20-4bb6-a020-e8c152cdf5dd&#8221;][et_pb_column type=&#8221;1_4&#8243; admin_label=&#8221;Coluna&#8221; disabled_on=&#8221;on|on|off&#8221; _builder_version=&#8221;4.9.2&#8243; _module_preset=&#8221;default&#8221;][et_pb_sidebar area=&#8221;et_pb_widget_area_3&#8243; disabled_on=&#8221;off|off|off&#8221; _builder_version=&#8221;4.9.2&#8243; _module_preset=&#8221;default&#8221; sticky_position=&#8221;top_bottom&#8221; sticky_limit_top=&#8221;row&#8221; sticky_limit_bottom=&#8221;row&#8221; hover_enabled=&#8221;0&#8243; sticky_enabled=&#8221;0&#8243;][\/et_pb_sidebar][\/et_pb_column][et_pb_column type=&#8221;3_4&#8243; admin_label=&#8221;Coluna&#8221; _builder_version=&#8221;4.9.2&#8243; _module_preset=&#8221;default&#8221;][et_pb_text [&hellip;]<\/p>\n","protected":false},"author":1,"featured_media":0,"parent":0,"menu_order":20,"comment_status":"closed","ping_status":"closed","template":"","meta":{"_acf_changed":false,"_et_pb_use_builder":"on","_et_pb_old_content":"","_et_gb_content_width":"","footnotes":""},"class_list":["post-299","page","type-page","status-publish","hentry"],"acf":[],"_links":{"self":[{"href":"https:\/\/institutoaua.org.br\/campanha-safra-do-cambuci-2021\/wp-json\/wp\/v2\/pages\/299","targetHints":{"allow":["GET"]}}],"collection":[{"href":"https:\/\/institutoaua.org.br\/campanha-safra-do-cambuci-2021\/wp-json\/wp\/v2\/pages"}],"about":[{"href":"https:\/\/institutoaua.org.br\/campanha-safra-do-cambuci-2021\/wp-json\/wp\/v2\/types\/page"}],"author":[{"embeddable":true,"href":"https:\/\/institutoaua.org.br\/campanha-safra-do-cambuci-2021\/wp-json\/wp\/v2\/users\/1"}],"replies":[{"embeddable":true,"href":"https:\/\/institutoaua.org.br\/campanha-safra-do-cambuci-2021\/wp-json\/wp\/v2\/comments?post=299"}],"version-history":[{"count":26,"href":"https:\/\/institutoaua.org.br\/campanha-safra-do-cambuci-2021\/wp-json\/wp\/v2\/pages\/299\/revisions"}],"predecessor-version":[{"id":837,"href":"https:\/\/institutoaua.org.br\/campanha-safra-do-cambuci-2021\/wp-json\/wp\/v2\/pages\/299\/revisions\/837"}],"wp:attachment":[{"href":"https:\/\/institutoaua.org.br\/campanha-safra-do-cambuci-2021\/wp-json\/wp\/v2\/media?parent=299"}],"curies":[{"name":"wp","href":"https:\/\/api.w.org\/{rel}","templated":true}]}}