{"id":1636,"date":"2021-05-26T16:52:00","date_gmt":"2021-05-26T19:52:00","guid":{"rendered":"https:\/\/institutoaua.org.br\/campanha-safra-do-cambuci-2021\/?page_id=1636"},"modified":"2021-05-26T17:59:45","modified_gmt":"2021-05-26T20:59:45","slug":"live-do-1o-festival-gastronomico-do-cambuci-na-nutricao-hospitalar","status":"publish","type":"page","link":"https:\/\/institutoaua.org.br\/campanha-safra-do-cambuci-2021\/live-do-1o-festival-gastronomico-do-cambuci-na-nutricao-hospitalar\/","title":{"rendered":"Live do 1\u00ba Festival Gastron\u00f4mico do Cambuci na Nutri\u00e7\u00e3o Hospitalar"},"content":{"rendered":"<p>[et_pb_section fb_built=&#8221;1&#8243; admin_label=&#8221;Conteudo&#8221; _builder_version=&#8221;4.9.2&#8243; _module_preset=&#8221;default&#8221; background_color=&#8221;gcid-02a935b2-594c-458f-9fb5-426da1a48a3e&#8221; background_image=&#8221;https:\/\/institutoaua.org.br\/campanha-safra-do-cambuci-2021\/wp-content\/uploads\/2021\/03\/grafismo-bg.png&#8221; background_size=&#8221;initial&#8221; background_position=&#8221;bottom_left&#8221; custom_padding=&#8221;0px||100px||false|false&#8221; custom_padding_tablet=&#8221;0px||205px||false|false&#8221; custom_padding_phone=&#8221;0px||120px||false|false&#8221; background_last_edited=&#8221;on|desktop&#8221; background_position_tablet=&#8221;bottom_center&#8221; custom_css_main_element=&#8221;background-size:27%!important;&#8221; global_colors_info=&#8221;{%22gcid-02a935b2-594c-458f-9fb5-426da1a48a3e%22:%91%22background_color%22%93}&#8221;][et_pb_row column_structure=&#8221;1_4,3_4&#8243; use_custom_gutter=&#8221;on&#8221; gutter_width=&#8221;2&#8243; _builder_version=&#8221;4.9.2&#8243; _module_preset=&#8221;cf9dec55-6c20-4bb6-a020-e8c152cdf5dd&#8221;][et_pb_column type=&#8221;1_4&#8243; admin_label=&#8221;Coluna&#8221; disabled_on=&#8221;on|on|off&#8221; _builder_version=&#8221;4.9.2&#8243; _module_preset=&#8221;default&#8221;][et_pb_sidebar area=&#8221;et_pb_widget_area_3&#8243; disabled_on=&#8221;off|off|off&#8221; _builder_version=&#8221;4.9.2&#8243; _module_preset=&#8221;default&#8221; sticky_limit_top=&#8221;row&#8221; sticky_limit_bottom=&#8221;row&#8221;][\/et_pb_sidebar][\/et_pb_column][et_pb_column type=&#8221;3_4&#8243; admin_label=&#8221;Coluna&#8221; _builder_version=&#8221;4.9.2&#8243; _module_preset=&#8221;default&#8221;][et_pb_text _builder_version=&#8221;4.9.3&#8243; _module_preset=&#8221;default&#8221; header_2_font=&#8221;|800|||||||&#8221; header_2_text_align=&#8221;left&#8221; header_2_text_color=&#8221;gcid-4023f119-17fd-4050-8795-7a41bc3bdef4&#8243; header_2_font_size=&#8221;34px&#8221; custom_margin=&#8221;0px||40px||false|false&#8221; custom_margin_tablet=&#8221;||30px||false|false&#8221; custom_margin_phone=&#8221;||20px||false|false&#8221; custom_margin_last_edited=&#8221;on|phone&#8221; custom_padding=&#8221;0px||0px||false|false&#8221; header_2_font_size_tablet=&#8221;28px&#8221; header_2_font_size_phone=&#8221;24px&#8221; header_2_font_size_last_edited=&#8221;on|phone&#8221; global_colors_info=&#8221;{%22gcid-4023f119-17fd-4050-8795-7a41bc3bdef4%22:%91%22header_2_text_color%22%93}&#8221;]<\/p>\n<h2 style=\"text-align: center;\"><b>Live com Nutricionistas que participam do 1\u00ba Festival Gastron\u00f4mico do Cambuci na Nutri\u00e7\u00e3o Hospitalar<\/b><\/h2>\n<p>[\/et_pb_text][et_pb_text _builder_version=&#8221;4.9.3&#8243; _module_preset=&#8221;default&#8221; text_text_color=&#8221;#545454&#8243; text_font_size=&#8221;20px&#8221; text_line_height=&#8221;1.3em&#8221; custom_margin=&#8221;||60px||false|false&#8221; custom_margin_tablet=&#8221;||50px||false|false&#8221; custom_margin_phone=&#8221;||30px||false|false&#8221; custom_margin_last_edited=&#8221;on|phone&#8221; text_font_size_tablet=&#8221;18px&#8221; text_font_size_phone=&#8221;16px&#8221; text_font_size_last_edited=&#8221;on|phone&#8221;]<\/p>\n<h3><span style=\"font-weight: 400;\">Participe da live e saiba mais como foi a experi\u00eancia de cinco hospitais e um super restaurante que revolucionaram sua opera\u00e7\u00e3o e inclu\u00edram o Cambuci em seus card\u00e1pios.<\/span><\/h3>\n<p>&nbsp;<\/p>\n<p>[\/et_pb_text][et_pb_video src=&#8221;https:\/\/www.youtube.com\/watch?v=_sS80Vr24Lo&#8221; _builder_version=&#8221;4.9.3&#8243; _module_preset=&#8221;default&#8221;][\/et_pb_video][et_pb_text _builder_version=&#8221;4.9.3&#8243; _module_preset=&#8221;default&#8221; text_text_color=&#8221;#545454&#8243; text_font_size=&#8221;20px&#8221; text_line_height=&#8221;1.3em&#8221; custom_margin=&#8221;||60px||false|false&#8221; custom_margin_tablet=&#8221;||50px||false|false&#8221; custom_margin_phone=&#8221;||30px||false|false&#8221; custom_margin_last_edited=&#8221;on|phone&#8221; text_font_size_tablet=&#8221;18px&#8221; text_font_size_phone=&#8221;16px&#8221; text_font_size_last_edited=&#8221;on|phone&#8221;]<\/p>\n<h3>\u00a0<\/h3>\n<p><span style=\"font-weight: 400;\">O encontro tem como objetivo mostrar a experi\u00eancia do Festival gastron\u00f4mico do Cambuci na Nutri\u00e7\u00e3o Hospitalar, estabelecer conex\u00f5es com os profissionais deste segmento e apresentar todas as possibilidades que o Instituto AU\u00c1 pode oferecer em termos de alimentos da sociobiodiversidade, como o Cambuci e outros frutos nativos bioma Mata Atl\u00e2ntica e De outros biomas brasileiros.<\/span><\/p>\n<p><span style=\"font-weight: 400;\">Participam da live Gabriel Menezes, Presidente do Instituto AU\u00c1, Weruska Davi Barrios, Nutricionista, Coordenadora do Grupo Nutril\u00edder, Chef Bel Coelho &#8211; Madrinha da Campanha Safra do Cambuci 2021\u00a0 e Propriet\u00e1ria do Cuia Caf\u00e9 e Restaurante,Dra. Andrea Luiza Jorge- Nutricionista, Chefe da se\u00e7\u00e3o de Ensino, Capacita\u00e7\u00e3o e Cozinha Experimental da Divis\u00e3o de Nutri\u00e7\u00e3o e Diet\u00e9tica do Instituto Central do HCFMUSP, Dra. Alexandra C S Lopes &#8211; Gerente do Servi\u00e7o de Nutri\u00e7\u00e3o do Hospital Cruz Azul de S\u00e3o Paulo, Dra. Carina Yamanaka-Coordenadora do Servi\u00e7o de Nutri\u00e7\u00e3o e Gastronomia do Hospital Unimed Sorocaba, Dra. Heloiza Cristiane Teixeira Esteves- Supervisora de Produ\u00e7\u00e3o da Terceirizada do Instituto da Crian\u00e7a e do Adolescente do\u00a0 HCFMUSP, Dra. Mayara Souza-Coordenadora de Nutri\u00e7\u00e3o da Rede Prevent S\u00eanior, Chef Bel Coelho &#8211; Propriet\u00e1ria do Cuia Caf\u00e9 e Restaurante.<\/span><\/p>\n<p><span style=\"font-weight: 400;\">A live acontece sexta-feira, dia 28 de maio \u00e0s 19h, e ser\u00e1 transmitida pelo canal youtube, do Instituto AU\u00c1.<\/span><\/p>\n<p>&nbsp;<\/p>\n<p>[\/et_pb_text][et_pb_text _builder_version=&#8221;4.9.3&#8243; _module_preset=&#8221;default&#8221; text_text_color=&#8221;#545454&#8243; text_font_size=&#8221;20px&#8221; text_line_height=&#8221;1.3em&#8221; custom_margin=&#8221;||60px||false|false&#8221; custom_margin_tablet=&#8221;||50px||false|false&#8221; custom_margin_phone=&#8221;||30px||false|false&#8221; custom_margin_last_edited=&#8221;on|phone&#8221; hover_enabled=&#8221;0&#8243; text_font_size_tablet=&#8221;18px&#8221; text_font_size_phone=&#8221;16px&#8221; text_font_size_last_edited=&#8221;on|phone&#8221; sticky_enabled=&#8221;0&#8243;]<\/p>\n<table style=\"border-collapse: collapse; width: 100%; background: #fff;\" border=\"1\">\n<tbody>\n<tr>\n<td style=\"width: 100%;\">\n<p style=\"text-align: center;\"><b>\u00a0\u00a0 Servi\u00e7o<\/b><\/p>\n<p><b>Festival Gastron\u00f4mico do Cambuci na Nutri\u00e7\u00e3o Hospitalar<br \/><\/b><span style=\"font-weight: 400;\">Per\u00edodo do Festival: de 22 a 30 de maio de\u00a0 2021<br \/><\/span><span style=\"font-weight: 400;\">Live de Confraterniza\u00e7\u00e3o: 28 de maio &#8211; \u00e0s 19h, pelo <a href=\"https:\/\/www.youtube.com\/watch?v=_sS80Vr24Lo\" target=\"_blank\" rel=\"noopener\">canal youtube, do Instituto AU\u00c1<\/a><\/span><span style=\"font-weight: 400;\"><br \/><\/span><span style=\"font-weight: 400;\">Promo\u00e7\u00e3o: Instituto AU\u00c1 e Grupo NutriL\u00edder<\/span><\/p>\n<p><img loading=\"lazy\" decoding=\"async\" class=\"aligncenter wp-image-1619 size-full\" src=\"https:\/\/institutoaua.org.br\/campanha-safra-do-cambuci-2021\/wp-content\/uploads\/2021\/05\/Festival-do-Cambuci-na-Nutric\u0327a\u0303o-Hospitalar-V3.jpg\" alt=\"\" width=\"1200\" height=\"400\" srcset=\"https:\/\/institutoaua.org.br\/campanha-safra-do-cambuci-2021\/wp-content\/uploads\/2021\/05\/Festival-do-Cambuci-na-Nutric\u0327a\u0303o-Hospitalar-V3.jpg 1200w, https:\/\/institutoaua.org.br\/campanha-safra-do-cambuci-2021\/wp-content\/uploads\/2021\/05\/Festival-do-Cambuci-na-Nutric\u0327a\u0303o-Hospitalar-V3-300x100.jpg 300w, https:\/\/institutoaua.org.br\/campanha-safra-do-cambuci-2021\/wp-content\/uploads\/2021\/05\/Festival-do-Cambuci-na-Nutric\u0327a\u0303o-Hospitalar-V3-1024x341.jpg 1024w, https:\/\/institutoaua.org.br\/campanha-safra-do-cambuci-2021\/wp-content\/uploads\/2021\/05\/Festival-do-Cambuci-na-Nutric\u0327a\u0303o-Hospitalar-V3-768x256.jpg 768w, https:\/\/institutoaua.org.br\/campanha-safra-do-cambuci-2021\/wp-content\/uploads\/2021\/05\/Festival-do-Cambuci-na-Nutric\u0327a\u0303o-Hospitalar-V3-1080x360.jpg 1080w, https:\/\/institutoaua.org.br\/campanha-safra-do-cambuci-2021\/wp-content\/uploads\/2021\/05\/Festival-do-Cambuci-na-Nutric\u0327a\u0303o-Hospitalar-V3-980x327.jpg 980w, https:\/\/institutoaua.org.br\/campanha-safra-do-cambuci-2021\/wp-content\/uploads\/2021\/05\/Festival-do-Cambuci-na-Nutric\u0327a\u0303o-Hospitalar-V3-480x160.jpg 480w\" sizes=\"auto, (max-width: 1200px) 100vw, 1200px\" \/><\/p>\n\n\t\t<style type=\"text\/css\">\n\t\t\t#gallery-1 {\n\t\t\t\tmargin: auto;\n\t\t\t}\n\t\t\t#gallery-1 .gallery-item {\n\t\t\t\tfloat: left;\n\t\t\t\tmargin-top: 10px;\n\t\t\t\ttext-align: center;\n\t\t\t\twidth: 33%;\n\t\t\t}\n\t\t\t#gallery-1 img {\n\t\t\t\tborder: 2px solid #cfcfcf;\n\t\t\t}\n\t\t\t#gallery-1 .gallery-caption {\n\t\t\t\tmargin-left: 0;\n\t\t\t}\n\t\t\t\/* see gallery_shortcode() in wp-includes\/media.php *\/\n\t\t<\/style>\n\t\t<div id='gallery-1' class='gallery galleryid-1636 gallery-columns-3 gallery-size-large'><dl class='gallery-item'>\n\t\t\t<dt class='gallery-icon landscape'>\n\t\t\t\t<img loading=\"lazy\" decoding=\"async\" width=\"400\" height=\"400\" src=\"https:\/\/institutoaua.org.br\/campanha-safra-do-cambuci-2021\/wp-content\/uploads\/2021\/05\/Logo-ICHC.jpg\" class=\"attachment-large size-large\" alt=\"\" srcset=\"https:\/\/institutoaua.org.br\/campanha-safra-do-cambuci-2021\/wp-content\/uploads\/2021\/05\/Logo-ICHC.jpg 400w, https:\/\/institutoaua.org.br\/campanha-safra-do-cambuci-2021\/wp-content\/uploads\/2021\/05\/Logo-ICHC-300x300.jpg 300w, https:\/\/institutoaua.org.br\/campanha-safra-do-cambuci-2021\/wp-content\/uploads\/2021\/05\/Logo-ICHC-150x150.jpg 150w\" sizes=\"auto, (max-width: 400px) 100vw, 400px\" \/>\n\t\t\t<\/dt><\/dl><dl class='gallery-item'>\n\t\t\t<dt class='gallery-icon landscape'>\n\t\t\t\t<img loading=\"lazy\" decoding=\"async\" width=\"400\" height=\"400\" src=\"https:\/\/institutoaua.org.br\/campanha-safra-do-cambuci-2021\/wp-content\/uploads\/2021\/05\/Logo-HCFMUSP.jpg\" class=\"attachment-large size-large\" alt=\"\" srcset=\"https:\/\/institutoaua.org.br\/campanha-safra-do-cambuci-2021\/wp-content\/uploads\/2021\/05\/Logo-HCFMUSP.jpg 400w, https:\/\/institutoaua.org.br\/campanha-safra-do-cambuci-2021\/wp-content\/uploads\/2021\/05\/Logo-HCFMUSP-300x300.jpg 300w, https:\/\/institutoaua.org.br\/campanha-safra-do-cambuci-2021\/wp-content\/uploads\/2021\/05\/Logo-HCFMUSP-150x150.jpg 150w\" sizes=\"auto, (max-width: 400px) 100vw, 400px\" \/>\n\t\t\t<\/dt><\/dl><dl class='gallery-item'>\n\t\t\t<dt class='gallery-icon landscape'>\n\t\t\t\t<img loading=\"lazy\" decoding=\"async\" width=\"400\" height=\"400\" src=\"https:\/\/institutoaua.org.br\/campanha-safra-do-cambuci-2021\/wp-content\/uploads\/2021\/05\/Logo-HC.jpg\" class=\"attachment-large size-large\" alt=\"\" srcset=\"https:\/\/institutoaua.org.br\/campanha-safra-do-cambuci-2021\/wp-content\/uploads\/2021\/05\/Logo-HC.jpg 400w, https:\/\/institutoaua.org.br\/campanha-safra-do-cambuci-2021\/wp-content\/uploads\/2021\/05\/Logo-HC-300x300.jpg 300w, https:\/\/institutoaua.org.br\/campanha-safra-do-cambuci-2021\/wp-content\/uploads\/2021\/05\/Logo-HC-150x150.jpg 150w\" sizes=\"auto, (max-width: 400px) 100vw, 400px\" \/>\n\t\t\t<\/dt><\/dl><br style=\"clear: both\" \/><dl class='gallery-item'>\n\t\t\t<dt class='gallery-icon landscape'>\n\t\t\t\t<img loading=\"lazy\" decoding=\"async\" width=\"400\" height=\"400\" src=\"https:\/\/institutoaua.org.br\/campanha-safra-do-cambuci-2021\/wp-content\/uploads\/2021\/05\/Logo-Cruz-Azul.jpg\" class=\"attachment-large size-large\" alt=\"\" srcset=\"https:\/\/institutoaua.org.br\/campanha-safra-do-cambuci-2021\/wp-content\/uploads\/2021\/05\/Logo-Cruz-Azul.jpg 400w, https:\/\/institutoaua.org.br\/campanha-safra-do-cambuci-2021\/wp-content\/uploads\/2021\/05\/Logo-Cruz-Azul-300x300.jpg 300w, https:\/\/institutoaua.org.br\/campanha-safra-do-cambuci-2021\/wp-content\/uploads\/2021\/05\/Logo-Cruz-Azul-150x150.jpg 150w\" sizes=\"auto, (max-width: 400px) 100vw, 400px\" \/>\n\t\t\t<\/dt><\/dl><dl class='gallery-item'>\n\t\t\t<dt class='gallery-icon landscape'>\n\t\t\t\t<img loading=\"lazy\" decoding=\"async\" width=\"400\" height=\"400\" src=\"https:\/\/institutoaua.org.br\/campanha-safra-do-cambuci-2021\/wp-content\/uploads\/2021\/05\/Logo-Prevent-Senior.jpg\" class=\"attachment-large size-large\" alt=\"\" srcset=\"https:\/\/institutoaua.org.br\/campanha-safra-do-cambuci-2021\/wp-content\/uploads\/2021\/05\/Logo-Prevent-Senior.jpg 400w, https:\/\/institutoaua.org.br\/campanha-safra-do-cambuci-2021\/wp-content\/uploads\/2021\/05\/Logo-Prevent-Senior-300x300.jpg 300w, https:\/\/institutoaua.org.br\/campanha-safra-do-cambuci-2021\/wp-content\/uploads\/2021\/05\/Logo-Prevent-Senior-150x150.jpg 150w\" sizes=\"auto, (max-width: 400px) 100vw, 400px\" \/>\n\t\t\t<\/dt><\/dl><dl class='gallery-item'>\n\t\t\t<dt class='gallery-icon landscape'>\n\t\t\t\t<img loading=\"lazy\" decoding=\"async\" width=\"400\" height=\"400\" src=\"https:\/\/institutoaua.org.br\/campanha-safra-do-cambuci-2021\/wp-content\/uploads\/2021\/05\/Logo-UNIMED.jpg\" class=\"attachment-large size-large\" alt=\"\" srcset=\"https:\/\/institutoaua.org.br\/campanha-safra-do-cambuci-2021\/wp-content\/uploads\/2021\/05\/Logo-UNIMED.jpg 400w, https:\/\/institutoaua.org.br\/campanha-safra-do-cambuci-2021\/wp-content\/uploads\/2021\/05\/Logo-UNIMED-300x300.jpg 300w, https:\/\/institutoaua.org.br\/campanha-safra-do-cambuci-2021\/wp-content\/uploads\/2021\/05\/Logo-UNIMED-150x150.jpg 150w\" sizes=\"auto, (max-width: 400px) 100vw, 400px\" \/>\n\t\t\t<\/dt><\/dl><br style=\"clear: both\" \/>\n\t\t<\/div>\n\n<\/td>\n<\/tr>\n<\/tbody>\n<\/table>\n<p>&nbsp;<\/p>\n<p style=\"text-align: right;\"><b><img loading=\"lazy\" decoding=\"async\" class=\"alignright wp-image-711\" src=\"https:\/\/institutoaua.org.br\/campanha-safra-do-cambuci-2021\/wp-content\/uploads\/2021\/03\/JM-Comunicac\u0327a\u0303o-278x300.jpg\" alt=\"\" width=\"102\" height=\"110\" srcset=\"https:\/\/institutoaua.org.br\/campanha-safra-do-cambuci-2021\/wp-content\/uploads\/2021\/03\/JM-Comunicac\u0327a\u0303o-278x300.jpg 278w, https:\/\/institutoaua.org.br\/campanha-safra-do-cambuci-2021\/wp-content\/uploads\/2021\/03\/JM-Comunicac\u0327a\u0303o-480x517.jpg 480w, https:\/\/institutoaua.org.br\/campanha-safra-do-cambuci-2021\/wp-content\/uploads\/2021\/03\/JM-Comunicac\u0327a\u0303o.jpg 503w\" sizes=\"auto, (max-width: 102px) 100vw, 102px\" \/>JM-Assessoria de Imprensa &amp; Comunica\u00e7\u00e3o<br \/><\/b><span style=\"font-weight: 400;\">Jos\u00e9 Maria Filho: Jornalista MTb 19.852<br \/><\/span><a href=\"mailto:josemariajornalista27@gmail.com\"><span style=\"font-weight: 400;\">josemariajornalista27@gmail.com<\/span><\/a><br \/><span style=\"font-weight: 400;\">Cel. e WhatSapp (11) 99804.1112<\/span><\/p>\n<p>[\/et_pb_text][\/et_pb_column][\/et_pb_row][\/et_pb_section]<\/p>\n","protected":false},"excerpt":{"rendered":"<p>[et_pb_section fb_built=&#8221;1&#8243; admin_label=&#8221;Conteudo&#8221; _builder_version=&#8221;4.9.2&#8243; _module_preset=&#8221;default&#8221; background_color=&#8221;gcid-02a935b2-594c-458f-9fb5-426da1a48a3e&#8221; background_image=&#8221;https:\/\/institutoaua.org.br\/campanha-safra-do-cambuci-2021\/wp-content\/uploads\/2021\/03\/grafismo-bg.png&#8221; background_size=&#8221;initial&#8221; background_position=&#8221;bottom_left&#8221; custom_padding=&#8221;0px||100px||false|false&#8221; custom_padding_tablet=&#8221;0px||205px||false|false&#8221; custom_padding_phone=&#8221;0px||120px||false|false&#8221; background_last_edited=&#8221;on|desktop&#8221; background_position_tablet=&#8221;bottom_center&#8221; custom_css_main_element=&#8221;background-size:27%!important;&#8221; global_colors_info=&#8221;{%22gcid-02a935b2-594c-458f-9fb5-426da1a48a3e%22:%91%22background_color%22%93}&#8221;][et_pb_row column_structure=&#8221;1_4,3_4&#8243; use_custom_gutter=&#8221;on&#8221; gutter_width=&#8221;2&#8243; _builder_version=&#8221;4.9.2&#8243; _module_preset=&#8221;cf9dec55-6c20-4bb6-a020-e8c152cdf5dd&#8221;][et_pb_column type=&#8221;1_4&#8243; admin_label=&#8221;Coluna&#8221; disabled_on=&#8221;on|on|off&#8221; _builder_version=&#8221;4.9.2&#8243; _module_preset=&#8221;default&#8221;][et_pb_sidebar area=&#8221;et_pb_widget_area_3&#8243; disabled_on=&#8221;off|off|off&#8221; _builder_version=&#8221;4.9.2&#8243; _module_preset=&#8221;default&#8221; sticky_limit_top=&#8221;row&#8221; sticky_limit_bottom=&#8221;row&#8221;][\/et_pb_sidebar][\/et_pb_column][et_pb_column type=&#8221;3_4&#8243; admin_label=&#8221;Coluna&#8221; _builder_version=&#8221;4.9.2&#8243; _module_preset=&#8221;default&#8221;][et_pb_text _builder_version=&#8221;4.9.3&#8243; _module_preset=&#8221;default&#8221; header_2_font=&#8221;|800|||||||&#8221; header_2_text_align=&#8221;left&#8221; header_2_text_color=&#8221;gcid-4023f119-17fd-4050-8795-7a41bc3bdef4&#8243; header_2_font_size=&#8221;34px&#8221; custom_margin=&#8221;0px||40px||false|false&#8221; custom_margin_tablet=&#8221;||30px||false|false&#8221; custom_margin_phone=&#8221;||20px||false|false&#8221; custom_margin_last_edited=&#8221;on|phone&#8221; custom_padding=&#8221;0px||0px||false|false&#8221; header_2_font_size_tablet=&#8221;28px&#8221; header_2_font_size_phone=&#8221;24px&#8221; header_2_font_size_last_edited=&#8221;on|phone&#8221; global_colors_info=&#8221;{%22gcid-4023f119-17fd-4050-8795-7a41bc3bdef4%22:%91%22header_2_text_color%22%93}&#8221;] Live com Nutricionistas que [&hellip;]<\/p>\n","protected":false},"author":2,"featured_media":0,"parent":0,"menu_order":0,"comment_status":"closed","ping_status":"closed","template":"","meta":{"_acf_changed":false,"_et_pb_use_builder":"on","_et_pb_old_content":"","_et_gb_content_width":"","footnotes":""},"class_list":["post-1636","page","type-page","status-publish","hentry"],"acf":[],"_links":{"self":[{"href":"https:\/\/institutoaua.org.br\/campanha-safra-do-cambuci-2021\/wp-json\/wp\/v2\/pages\/1636","targetHints":{"allow":["GET"]}}],"collection":[{"href":"https:\/\/institutoaua.org.br\/campanha-safra-do-cambuci-2021\/wp-json\/wp\/v2\/pages"}],"about":[{"href":"https:\/\/institutoaua.org.br\/campanha-safra-do-cambuci-2021\/wp-json\/wp\/v2\/types\/page"}],"author":[{"embeddable":true,"href":"https:\/\/institutoaua.org.br\/campanha-safra-do-cambuci-2021\/wp-json\/wp\/v2\/users\/2"}],"replies":[{"embeddable":true,"href":"https:\/\/institutoaua.org.br\/campanha-safra-do-cambuci-2021\/wp-json\/wp\/v2\/comments?post=1636"}],"version-history":[{"count":6,"href":"https:\/\/institutoaua.org.br\/campanha-safra-do-cambuci-2021\/wp-json\/wp\/v2\/pages\/1636\/revisions"}],"predecessor-version":[{"id":1673,"href":"https:\/\/institutoaua.org.br\/campanha-safra-do-cambuci-2021\/wp-json\/wp\/v2\/pages\/1636\/revisions\/1673"}],"wp:attachment":[{"href":"https:\/\/institutoaua.org.br\/campanha-safra-do-cambuci-2021\/wp-json\/wp\/v2\/media?parent=1636"}],"curies":[{"name":"wp","href":"https:\/\/api.w.org\/{rel}","templated":true}]}}